{"id":564653,"date":"2025-08-27T14:10:29","date_gmt":"2025-08-27T12:10:29","guid":{"rendered":"https:\/\/loveforever.se\/?post_type=product&#038;p=564653"},"modified":"2026-04-13T08:36:40","modified_gmt":"2026-04-13T06:36:40","slug":"monique-utsvangda-jeans-gra","status":"publish","type":"product","link":"https:\/\/loveforever.se\/no\/produkt\/monique-utsvangda-jeans-gra\/","title":{"rendered":"Monique Utsv\u00e4ngda Jeans Gr\u00e5"},"content":{"rendered":"","protected":false},"excerpt":{"rendered":"<p>Tidl\u00f6sa jeans i tv\u00e4ttad gr\u00e5 \u2013 lika bekv\u00e4ma, lika snygga!<\/p>\n<p>V\u00e5ra b\u00e4sts\u00e4ljande jeans \u00e4r tillbaka \u2013 nu i en tv\u00e4ttad gr\u00e5 nyans som ger en snyggt avslappnad men stilren look. Perfekta till b\u00e5de vardagsoutfits och uppkl\u00e4dda tillf\u00e4llen, \u00e5ret runt.<\/p>\n<p>Modellen \u00e4r densamma som du redan \u00e4lskar: raka ben, normal midja och ett mjukt, l\u00e4tt stretchigt tyg som sitter bekv\u00e4mt utan att strama.<\/p>\n<p>Gr\u00e5tt \u00e4r en perfekt basf\u00e4rg \u2013 enkelt att matcha med b\u00e5de neutrala och f\u00e4rgstarka plagg.<\/p>\n<p>Modellen \u00e4r 163 cm l\u00e5ng och b\u00e4r storlek XS. Jeansen \u00e4r normala i storlek.<\/p>","protected":false},"featured_media":564649,"comment_status":"open","ping_status":"closed","template":"","meta":{"_acf_changed":false},"product_brand":[],"product_cat":[1145,1146,1222,1218],"product_tag":[],"class_list":{"0":"post-564653","1":"product","2":"type-product","3":"status-publish","4":"has-post-thumbnail","6":"product_cat-denim","7":"product_cat-nederdelar","8":"product_cat-stretch-jeans-dam","9":"product_cat-utsvangda-jeans-dam","11":"first","12":"instock","13":"sale","14":"taxable","15":"shipping-taxable","16":"purchasable","17":"product-type-variable"},"acf":[],"gallery_images":[564650],"_links":{"self":[{"href":"https:\/\/loveforever.se\/no\/wp-json\/wp\/v2\/product\/564653","targetHints":{"allow":["GET"]}}],"collection":[{"href":"https:\/\/loveforever.se\/no\/wp-json\/wp\/v2\/product"}],"about":[{"href":"https:\/\/loveforever.se\/no\/wp-json\/wp\/v2\/types\/product"}],"replies":[{"embeddable":true,"href":"https:\/\/loveforever.se\/no\/wp-json\/wp\/v2\/comments?post=564653"}],"wp:featuredmedia":[{"embeddable":true,"href":"https:\/\/loveforever.se\/no\/wp-json\/wp\/v2\/media\/564649"}],"wp:attachment":[{"href":"https:\/\/loveforever.se\/no\/wp-json\/wp\/v2\/media?parent=564653"}],"wp:term":[{"taxonomy":"product_brand","embeddable":true,"href":"https:\/\/loveforever.se\/no\/wp-json\/wp\/v2\/product_brand?post=564653"},{"taxonomy":"product_cat","embeddable":true,"href":"https:\/\/loveforever.se\/no\/wp-json\/wp\/v2\/product_cat?post=564653"},{"taxonomy":"product_tag","embeddable":true,"href":"https:\/\/loveforever.se\/no\/wp-json\/wp\/v2\/product_tag?post=564653"}],"curies":[{"name":"wp","href":"https:\/\/api.w.org\/{rel}","templated":true}]}}