{"id":564987,"date":"2025-09-03T01:23:05","date_gmt":"2025-09-02T23:23:05","guid":{"rendered":"https:\/\/loveforever.se\/?post_type=product&#038;p=564987"},"modified":"2026-04-29T11:01:46","modified_gmt":"2026-04-29T09:01:46","slug":"amour-tshirtklanning-nougat","status":"publish","type":"product","link":"https:\/\/loveforever.se\/no\/produkt\/amour-tshirtklanning-nougat\/","title":{"rendered":"Amour Tshirtkl\u00e4nning Nougat"},"content":{"rendered":"","protected":false},"excerpt":{"rendered":"<p>\ud83e\udd0e T-shirtkl\u00e4nning i bomull \u2013 nougatf\u00e4rgad med glittrigt &#8220;Amour&#8221;-tryck<\/p>\n<p>Mjuk, feminin och trendig \u2013 denna t-shirtkl\u00e4nning i nougatbrun nyans \u00e4r det perfekta tillskottet till h\u00f6st- och v\u00e5rgarderoben. Det glittriga &#8220;Amour&#8221;-trycket framtill skapar en romantisk detalj som g\u00f6r plagget b\u00e5de uttrycksfullt och stils\u00e4kert.<\/p>\n<p>Kl\u00e4nningen \u00e4r tillverkad i en stretchig bomullsblandning (95 % bomull, 5 % elastan) som ger dig maximal komfort hela dagen. Den raka passformen, tillsammans med v-ringning, \u00e4rmmuddar, diskreta fickor och slitsar, ger en avslappnad men genomt\u00e4nkt siluett. Nougattonen \u00e4r l\u00e4ttmatchad med b\u00e5de jordn\u00e4ra toner, denim och svart.<\/p>\n<p>\u2714\ufe0f Produktdetaljer:<\/p>\n<p>F\u00e4rg: Nougat med glittrigt Amour-tryck framtill<\/p>\n<p>Material: 95 % bomull, 5 % elastan \u2013 mjuk och stretchig<\/p>\n<p>Passform: Rak och normal i storlek \u2013 v\u00e4lj din vanliga<\/p>\n<p>Design: V-ringning, \u00e4rmmuddar, sidofickor, slitsar nertill<\/p>\n<p>\ud83d\udccf Storlekar &#038; m\u00e5tt (i vilol\u00e4ge):<\/p>\n<p>S\/M: Byst ca 50 cm, l\u00e4ngd ca 123 cm<\/p>\n<p>L\/XL: Byst ca 53 cm, l\u00e4ngd ca 125 cm<br \/>\n(Tyget har stretch \u2013 f\u00f6r en sk\u00f6n, avslappnad k\u00e4nsla)<\/p>","protected":false},"featured_media":564991,"comment_status":"open","ping_status":"closed","template":"","meta":{"_acf_changed":false},"product_brand":[],"product_cat":[1151,1138,1247,1154,1203],"product_tag":[],"class_list":{"0":"post-564987","1":"product","2":"type-product","3":"status-publish","4":"has-post-thumbnail","6":"product_cat-klanningar-dam","7":"product_cat-klanningar-tunikor","8":"product_cat-klanningar-rea","9":"product_cat-langa","10":"product_cat-rea","12":"first","13":"instock","14":"sale","15":"taxable","16":"shipping-taxable","17":"purchasable","18":"product-type-variable"},"acf":[],"gallery_images":[564992,564990],"_links":{"self":[{"href":"https:\/\/loveforever.se\/no\/wp-json\/wp\/v2\/product\/564987","targetHints":{"allow":["GET"]}}],"collection":[{"href":"https:\/\/loveforever.se\/no\/wp-json\/wp\/v2\/product"}],"about":[{"href":"https:\/\/loveforever.se\/no\/wp-json\/wp\/v2\/types\/product"}],"replies":[{"embeddable":true,"href":"https:\/\/loveforever.se\/no\/wp-json\/wp\/v2\/comments?post=564987"}],"wp:featuredmedia":[{"embeddable":true,"href":"https:\/\/loveforever.se\/no\/wp-json\/wp\/v2\/media\/564991"}],"wp:attachment":[{"href":"https:\/\/loveforever.se\/no\/wp-json\/wp\/v2\/media?parent=564987"}],"wp:term":[{"taxonomy":"product_brand","embeddable":true,"href":"https:\/\/loveforever.se\/no\/wp-json\/wp\/v2\/product_brand?post=564987"},{"taxonomy":"product_cat","embeddable":true,"href":"https:\/\/loveforever.se\/no\/wp-json\/wp\/v2\/product_cat?post=564987"},{"taxonomy":"product_tag","embeddable":true,"href":"https:\/\/loveforever.se\/no\/wp-json\/wp\/v2\/product_tag?post=564987"}],"curies":[{"name":"wp","href":"https:\/\/api.w.org\/{rel}","templated":true}]}}