{"id":565099,"date":"2025-09-06T11:47:37","date_gmt":"2025-09-06T09:47:37","guid":{"rendered":"https:\/\/loveforever.se\/?post_type=product&#038;p=565099"},"modified":"2026-04-20T00:49:34","modified_gmt":"2026-04-19T22:49:34","slug":"favvo-lip-hyper-pink","status":"publish","type":"product","link":"https:\/\/loveforever.se\/no\/produkt\/favvo-lip-hyper-pink\/","title":{"rendered":"Favvo Lip Hyper Pink"},"content":{"rendered":"","protected":false},"excerpt":{"rendered":"<p>\u2728 V\u00e5rt favvo-gloss med en mjuk och gosig konsistens som k\u00e4nns underbart p\u00e5 l\u00e4pparna! \ud83d\udc84 underbar ROSA f\u00e4rg ger en fr\u00e4sch och sofistikerad look som passar till b\u00e5de vardag och fest. Ett gloss som snabbt blir en favorit i din sminkv\u00e4ska! S\u00e5 mjukt och sk\u00f6nt p\u00e5 l\u00e4pparna, med shea butter! <\/p>","protected":false},"featured_media":565096,"comment_status":"closed","ping_status":"closed","template":"","meta":{"_acf_changed":false},"product_brand":[],"product_cat":[1133,1180],"product_tag":[],"class_list":{"0":"post-565099","1":"product","2":"type-product","3":"status-publish","4":"has-post-thumbnail","6":"product_cat-accessoarer","7":"product_cat-skonhet","9":"first","10":"instock","11":"taxable","12":"shipping-taxable","13":"purchasable","14":"product-type-simple"},"acf":[],"gallery_images":[565098,565097],"_links":{"self":[{"href":"https:\/\/loveforever.se\/no\/wp-json\/wp\/v2\/product\/565099","targetHints":{"allow":["GET"]}}],"collection":[{"href":"https:\/\/loveforever.se\/no\/wp-json\/wp\/v2\/product"}],"about":[{"href":"https:\/\/loveforever.se\/no\/wp-json\/wp\/v2\/types\/product"}],"replies":[{"embeddable":true,"href":"https:\/\/loveforever.se\/no\/wp-json\/wp\/v2\/comments?post=565099"}],"wp:featuredmedia":[{"embeddable":true,"href":"https:\/\/loveforever.se\/no\/wp-json\/wp\/v2\/media\/565096"}],"wp:attachment":[{"href":"https:\/\/loveforever.se\/no\/wp-json\/wp\/v2\/media?parent=565099"}],"wp:term":[{"taxonomy":"product_brand","embeddable":true,"href":"https:\/\/loveforever.se\/no\/wp-json\/wp\/v2\/product_brand?post=565099"},{"taxonomy":"product_cat","embeddable":true,"href":"https:\/\/loveforever.se\/no\/wp-json\/wp\/v2\/product_cat?post=565099"},{"taxonomy":"product_tag","embeddable":true,"href":"https:\/\/loveforever.se\/no\/wp-json\/wp\/v2\/product_tag?post=565099"}],"curies":[{"name":"wp","href":"https:\/\/api.w.org\/{rel}","templated":true}]}}