{"id":565714,"date":"2025-09-26T08:13:06","date_gmt":"2025-09-26T06:13:06","guid":{"rendered":"https:\/\/loveforever.se\/?post_type=product&#038;p=565714"},"modified":"2026-05-05T09:05:45","modified_gmt":"2026-05-05T07:05:45","slug":"julia-viskostunika-kort-klanning-svart","status":"publish","type":"product","link":"https:\/\/loveforever.se\/no\/produkt\/julia-viskostunika-kort-klanning-svart\/","title":{"rendered":"Julia Viskostunika\/Kort Kl\u00e4nning Svart"},"content":{"rendered":"","protected":false},"excerpt":{"rendered":"<p>Superfin tunika i 100% mjuk viskos \u2013 perfekt f\u00f6r b\u00e5de vardag och fest! Anv\u00e4nd den som en kort kl\u00e4nning om du gillar kortare modell, eller som tunika \u00f6ver jeans eller leggings.<\/p>\n<p>Det vackra bohemiska printet i svart med rosa blommor g\u00f6r den b\u00e5de romantisk och trendig. Tunikan har s\u00f6ta ballong\u00e4rmar med res\u00e5r, snyggt v-ringad hals och bohemiska volanger som ger en feminin och lyxig k\u00e4nsla.<\/p>\n<p>En m\u00e5ngsidig favorit som lyfter din outfit \u00e5ret runt!<br \/>\nM\u00e5tt: t\u00e4nk p\u00e5 att det alltid kan skilja upp till 1,5cm<br \/>\nXS-S armh\u00e5la-armh\u00e5la (eller lite l\u00e4ngre ner \u00e4n armh\u00e5la, s\u00e5 45cm, l\u00e4ngd 80cm<br \/>\nS-M armh\u00e5la-armh\u00e5la (eller lite l\u00e4ngre ner \u00e4n armh\u00e5la, s\u00e5 48cm, l\u00e4ngd 83,5cm (Pamela som har bystm\u00e5tt 105cm har S-M)<br \/>\nL-XL armh\u00e5la-armh\u00e5la (eller lite l\u00e4ngre ner \u00e4n armh\u00e5la, s\u00e5 51cm, l\u00e4ngd 86cm<\/p>","protected":false},"featured_media":572661,"comment_status":"open","ping_status":"closed","template":"","meta":{"_acf_changed":false},"product_brand":[],"product_cat":[1138,1247,1241,1203],"product_tag":[],"class_list":{"0":"post-565714","1":"product","2":"type-product","3":"status-publish","4":"has-post-thumbnail","6":"product_cat-klanningar-tunikor","7":"product_cat-klanningar-rea","8":"product_cat-rea-50","9":"product_cat-rea","11":"first","12":"instock","13":"sale","14":"taxable","15":"shipping-taxable","16":"purchasable","17":"product-type-variable"},"acf":[],"gallery_images":[566461,566464,566465],"_links":{"self":[{"href":"https:\/\/loveforever.se\/no\/wp-json\/wp\/v2\/product\/565714","targetHints":{"allow":["GET"]}}],"collection":[{"href":"https:\/\/loveforever.se\/no\/wp-json\/wp\/v2\/product"}],"about":[{"href":"https:\/\/loveforever.se\/no\/wp-json\/wp\/v2\/types\/product"}],"replies":[{"embeddable":true,"href":"https:\/\/loveforever.se\/no\/wp-json\/wp\/v2\/comments?post=565714"}],"wp:featuredmedia":[{"embeddable":true,"href":"https:\/\/loveforever.se\/no\/wp-json\/wp\/v2\/media\/572661"}],"wp:attachment":[{"href":"https:\/\/loveforever.se\/no\/wp-json\/wp\/v2\/media?parent=565714"}],"wp:term":[{"taxonomy":"product_brand","embeddable":true,"href":"https:\/\/loveforever.se\/no\/wp-json\/wp\/v2\/product_brand?post=565714"},{"taxonomy":"product_cat","embeddable":true,"href":"https:\/\/loveforever.se\/no\/wp-json\/wp\/v2\/product_cat?post=565714"},{"taxonomy":"product_tag","embeddable":true,"href":"https:\/\/loveforever.se\/no\/wp-json\/wp\/v2\/product_tag?post=565714"}],"curies":[{"name":"wp","href":"https:\/\/api.w.org\/{rel}","templated":true}]}}