{"id":566103,"date":"2025-10-10T10:05:09","date_gmt":"2025-10-10T08:05:09","guid":{"rendered":"https:\/\/loveforever.se\/?post_type=product&#038;p=566103"},"modified":"2026-05-07T11:39:32","modified_gmt":"2026-05-07T09:39:32","slug":"erica-bomullsblus-fango","status":"publish","type":"product","link":"https:\/\/loveforever.se\/no\/produkt\/erica-bomullsblus-fango\/","title":{"rendered":"Erica Bomullsblus Fango"},"content":{"rendered":"","protected":false},"excerpt":{"rendered":"<p>Helt magiskt fin blus i fango- \u00e5t det greige h\u00e5llet, i 100% mjuk bomullsvoile \u2013 en dr\u00f6m f\u00f6r den bohemiska och romantiska garderoben! \u2728<br \/>\nBlusen har vacker spets som ett ok kring axlarna och l\u00e4ngs \u00e4rmarna, tillsammans med mjuka volanger som ger en luftig, feminin och elegant k\u00e4nsla.<\/p>\n<p>Den genomt\u00e4nkta designen g\u00f6r att du kan b\u00e4ra den bakofram f\u00f6r rund halsringning framtill, och med res\u00e5r vid \u00e4rmsluten kan du dra upp \u00e4rmarna och skapa olika uttryck. Modellen \u00e4r bohemisk, sk\u00f6n och avslappnad med One Size som passar XS\u2013XL.<\/p>\n<p>Perfekt att styla med jeans, kjol eller skinnleggings f\u00f6r en avslappnad men chic look \u2013 lika fin till vardag som till fest.<\/p>","protected":false},"featured_media":566156,"comment_status":"open","ping_status":"closed","template":"","meta":{"_acf_changed":false},"product_brand":[],"product_cat":[1251,1147,1241,1203],"product_tag":[],"class_list":{"0":"post-566103","1":"product","2":"type-product","3":"status-publish","4":"has-post-thumbnail","6":"product_cat-blusar-rea","7":"product_cat-toppar-blusar","8":"product_cat-rea-50","9":"product_cat-rea","11":"first","12":"instock","13":"sale","14":"taxable","15":"shipping-taxable","16":"purchasable","17":"product-type-simple"},"acf":[],"gallery_images":[566158,566157],"_links":{"self":[{"href":"https:\/\/loveforever.se\/no\/wp-json\/wp\/v2\/product\/566103","targetHints":{"allow":["GET"]}}],"collection":[{"href":"https:\/\/loveforever.se\/no\/wp-json\/wp\/v2\/product"}],"about":[{"href":"https:\/\/loveforever.se\/no\/wp-json\/wp\/v2\/types\/product"}],"replies":[{"embeddable":true,"href":"https:\/\/loveforever.se\/no\/wp-json\/wp\/v2\/comments?post=566103"}],"wp:featuredmedia":[{"embeddable":true,"href":"https:\/\/loveforever.se\/no\/wp-json\/wp\/v2\/media\/566156"}],"wp:attachment":[{"href":"https:\/\/loveforever.se\/no\/wp-json\/wp\/v2\/media?parent=566103"}],"wp:term":[{"taxonomy":"product_brand","embeddable":true,"href":"https:\/\/loveforever.se\/no\/wp-json\/wp\/v2\/product_brand?post=566103"},{"taxonomy":"product_cat","embeddable":true,"href":"https:\/\/loveforever.se\/no\/wp-json\/wp\/v2\/product_cat?post=566103"},{"taxonomy":"product_tag","embeddable":true,"href":"https:\/\/loveforever.se\/no\/wp-json\/wp\/v2\/product_tag?post=566103"}],"curies":[{"name":"wp","href":"https:\/\/api.w.org\/{rel}","templated":true}]}}