{"id":566107,"date":"2025-10-10T10:48:55","date_gmt":"2025-10-10T08:48:55","guid":{"rendered":"https:\/\/loveforever.se\/?post_type=product&#038;p=566107"},"modified":"2026-04-18T04:18:20","modified_gmt":"2026-04-18T02:18:20","slug":"jolene-stretchig-jeans-jumpsuit","status":"publish","type":"product","link":"https:\/\/loveforever.se\/no\/produkt\/jolene-stretchig-jeans-jumpsuit\/","title":{"rendered":"Jolene Stretchig Jeans Jumpsuit"},"content":{"rendered":"","protected":false},"excerpt":{"rendered":"<p>Supercool jumpsuit i stretchigt jeanstyg \u2013 ett riktigt trendplagg med attityd! \ud83d\udcab<br \/>\nDen har en m\u00f6rk, modern jeanstv\u00e4tt och knappar framtill som ger en tuff, stilren look. \u00c4rmslut och byxben har uppvik som du enkelt kan spr\u00e4tta upp och vika ner f\u00f6r att variera stilen.<\/p>\n<p>Tyget har lagom stretch som ger bekv\u00e4m passform och snygg siluett, och modellen \u00e4r normal i storlek.<br \/>\nPerfekt att b\u00e4ra med sneakers f\u00f6r en avslappnad look, eller med klackar och accessoarer f\u00f6r en mer chic stil.<\/p>","protected":false},"featured_media":566104,"comment_status":"open","ping_status":"closed","template":"","meta":{"_acf_changed":false},"product_brand":[],"product_cat":[1145,1146],"product_tag":[],"class_list":{"0":"post-566107","1":"product","2":"type-product","3":"status-publish","4":"has-post-thumbnail","6":"product_cat-denim","7":"product_cat-nederdelar","9":"first","10":"instock","11":"sale","12":"taxable","13":"shipping-taxable","14":"purchasable","15":"product-type-variable"},"acf":[],"gallery_images":[566105,566106],"_links":{"self":[{"href":"https:\/\/loveforever.se\/no\/wp-json\/wp\/v2\/product\/566107","targetHints":{"allow":["GET"]}}],"collection":[{"href":"https:\/\/loveforever.se\/no\/wp-json\/wp\/v2\/product"}],"about":[{"href":"https:\/\/loveforever.se\/no\/wp-json\/wp\/v2\/types\/product"}],"replies":[{"embeddable":true,"href":"https:\/\/loveforever.se\/no\/wp-json\/wp\/v2\/comments?post=566107"}],"wp:featuredmedia":[{"embeddable":true,"href":"https:\/\/loveforever.se\/no\/wp-json\/wp\/v2\/media\/566104"}],"wp:attachment":[{"href":"https:\/\/loveforever.se\/no\/wp-json\/wp\/v2\/media?parent=566107"}],"wp:term":[{"taxonomy":"product_brand","embeddable":true,"href":"https:\/\/loveforever.se\/no\/wp-json\/wp\/v2\/product_brand?post=566107"},{"taxonomy":"product_cat","embeddable":true,"href":"https:\/\/loveforever.se\/no\/wp-json\/wp\/v2\/product_cat?post=566107"},{"taxonomy":"product_tag","embeddable":true,"href":"https:\/\/loveforever.se\/no\/wp-json\/wp\/v2\/product_tag?post=566107"}],"curies":[{"name":"wp","href":"https:\/\/api.w.org\/{rel}","templated":true}]}}