{"id":566122,"date":"2025-10-10T10:55:04","date_gmt":"2025-10-10T08:55:04","guid":{"rendered":"https:\/\/loveforever.se\/?post_type=product&#038;p=566122"},"modified":"2026-04-12T18:00:25","modified_gmt":"2026-04-12T16:00:25","slug":"jennie-jumpsuit","status":"publish","type":"product","link":"https:\/\/loveforever.se\/no\/produkt\/jennie-jumpsuit\/","title":{"rendered":"Jennie Jumpsuit"},"content":{"rendered":"","protected":false},"excerpt":{"rendered":"<p>Supersnygg och mycket stretchig jumpsuit i snygg denimtv\u00e4tt. Lyxiga guldknappar framtill, snygg vringning och mycket bekv\u00e4m. Normal i storlek. MOdellen har S p\u00e5 sig, hon \u00e4r 165cm l\u00e5ng.<\/p>","protected":false},"featured_media":566435,"comment_status":"open","ping_status":"closed","template":"","meta":{"_acf_changed":false},"product_brand":[],"product_cat":[1145,1222],"product_tag":[],"class_list":{"0":"post-566122","1":"product","2":"type-product","3":"status-publish","4":"has-post-thumbnail","6":"product_cat-denim","7":"product_cat-stretch-jeans-dam","9":"first","10":"instock","11":"sale","12":"taxable","13":"shipping-taxable","14":"purchasable","15":"product-type-variable"},"acf":[],"gallery_images":[566439,566434,566437,566438],"_links":{"self":[{"href":"https:\/\/loveforever.se\/no\/wp-json\/wp\/v2\/product\/566122","targetHints":{"allow":["GET"]}}],"collection":[{"href":"https:\/\/loveforever.se\/no\/wp-json\/wp\/v2\/product"}],"about":[{"href":"https:\/\/loveforever.se\/no\/wp-json\/wp\/v2\/types\/product"}],"replies":[{"embeddable":true,"href":"https:\/\/loveforever.se\/no\/wp-json\/wp\/v2\/comments?post=566122"}],"wp:featuredmedia":[{"embeddable":true,"href":"https:\/\/loveforever.se\/no\/wp-json\/wp\/v2\/media\/566435"}],"wp:attachment":[{"href":"https:\/\/loveforever.se\/no\/wp-json\/wp\/v2\/media?parent=566122"}],"wp:term":[{"taxonomy":"product_brand","embeddable":true,"href":"https:\/\/loveforever.se\/no\/wp-json\/wp\/v2\/product_brand?post=566122"},{"taxonomy":"product_cat","embeddable":true,"href":"https:\/\/loveforever.se\/no\/wp-json\/wp\/v2\/product_cat?post=566122"},{"taxonomy":"product_tag","embeddable":true,"href":"https:\/\/loveforever.se\/no\/wp-json\/wp\/v2\/product_tag?post=566122"}],"curies":[{"name":"wp","href":"https:\/\/api.w.org\/{rel}","templated":true}]}}