{"id":566260,"date":"2025-10-17T08:44:41","date_gmt":"2025-10-17T06:44:41","guid":{"rendered":"https:\/\/loveforever.se\/?post_type=product&#038;p=566260"},"modified":"2026-04-12T18:00:16","modified_gmt":"2026-04-12T16:00:16","slug":"moa-mohair-jakke-knallrosa","status":"publish","type":"product","link":"https:\/\/loveforever.se\/no\/produkt\/moa-mohairvast-hot-pink\/","title":{"rendered":"Moa mohairvest 80% kid mohair \u2013 mange farger"},"content":{"rendered":"","protected":false},"excerpt":{"rendered":"<p>Vest i Kid Mohair \u2013 Luksuri\u00f8s Mykhet med Statement-effekt<\/p>\n<p>Denne vesten i 80 % kid mohair fanger umiddelbart oppmerksomheten \u2013 nydelige farger som skaper en perfekt balanse mellom luksus, energi og femininitet. Mohairens eksklusive fibre gj\u00f8r vesten superlett, myk og varm, samtidig som den utstr\u00e5ler eksklusivitet og er helt i tr\u00e5d med dagens trender.<\/p>\n<p>Fantastiske farger \u2013 en skikkelig hum\u00f8rspreder og en moteriktig erkl\u00e6ring. Perfekt for deg som t\u00f8r \u00e5 skille deg ut, men vil gj\u00f8re det med stil.<\/p>\n<p>Style den med jeans og hvit skjorte for en chic kontrast, eller kombiner med svart skinn, silke eller denim for en mer edgy look. Den fungerer like fint til hverdags som til fest \u2013 og gir umiddelbart hele antrekket en luksuri\u00f8s, moderne f\u00f8lelse.<\/p>\n<p>\u2714 80 % kid mohair \u2013 lett, mykt og varmt<br \/>\nFarge: Hot pink \u2013 sterk, feminin og trendy<br \/>\nPasser til b\u00e5de basisplagg og statement-styling<br \/>\n\u2714 Bruk den alene, over skjorte eller kjole<br \/>\n\u2714 En vest som lyser opp enhver look<\/p>\n<p>En fargeklatt med luksuri\u00f8s f\u00f8lelse \u2013 perfekt n\u00e5r du vil vises med stil.<\/p>","protected":false},"featured_media":564061,"comment_status":"open","ping_status":"closed","template":"","meta":{"_acf_changed":false},"product_brand":[],"product_cat":[1162],"product_tag":[],"class_list":{"0":"post-566260","1":"product","2":"type-product","3":"status-publish","4":"has-post-thumbnail","6":"product_cat-stickat","8":"first","9":"instock","10":"taxable","11":"shipping-taxable","12":"purchasable","13":"product-type-variable"},"acf":[],"gallery_images":[566262,553112,564061,564066],"_links":{"self":[{"href":"https:\/\/loveforever.se\/no\/wp-json\/wp\/v2\/product\/566260","targetHints":{"allow":["GET"]}}],"collection":[{"href":"https:\/\/loveforever.se\/no\/wp-json\/wp\/v2\/product"}],"about":[{"href":"https:\/\/loveforever.se\/no\/wp-json\/wp\/v2\/types\/product"}],"replies":[{"embeddable":true,"href":"https:\/\/loveforever.se\/no\/wp-json\/wp\/v2\/comments?post=566260"}],"wp:featuredmedia":[{"embeddable":true,"href":"https:\/\/loveforever.se\/no\/wp-json\/wp\/v2\/media\/564061"}],"wp:attachment":[{"href":"https:\/\/loveforever.se\/no\/wp-json\/wp\/v2\/media?parent=566260"}],"wp:term":[{"taxonomy":"product_brand","embeddable":true,"href":"https:\/\/loveforever.se\/no\/wp-json\/wp\/v2\/product_brand?post=566260"},{"taxonomy":"product_cat","embeddable":true,"href":"https:\/\/loveforever.se\/no\/wp-json\/wp\/v2\/product_cat?post=566260"},{"taxonomy":"product_tag","embeddable":true,"href":"https:\/\/loveforever.se\/no\/wp-json\/wp\/v2\/product_tag?post=566260"}],"curies":[{"name":"wp","href":"https:\/\/api.w.org\/{rel}","templated":true}]}}