{"id":566648,"date":"2025-10-30T10:43:38","date_gmt":"2025-10-30T09:43:38","guid":{"rendered":"https:\/\/loveforever.se\/?post_type=product&#038;p=566648"},"modified":"2026-04-30T23:00:36","modified_gmt":"2026-04-30T21:00:36","slug":"nelly-tighta-stretchjeans","status":"publish","type":"product","link":"https:\/\/loveforever.se\/no\/produkt\/nelly-tighta-stretchjeans\/","title":{"rendered":"Nelly Tighta Stretchjeans"},"content":{"rendered":"","protected":false},"excerpt":{"rendered":"<p>Superfina, tighta jeans i stretchigt och mjukt material \u2013 sitter som en sm\u00e4ck och formar sig perfekt efter kroppen!<br \/>\nDe \u00e4r lika snygga som bekv\u00e4ma och ett m\u00e5ste i h\u00f6stens garderob. Perfekta att b\u00e4ra innanf\u00f6r boots s\u00e5 att dina st\u00f6vlar syns \u2013 en trendig och smickrande look.<br \/>\nPassar lika bra till v\u00e5ra stickade mohairv\u00e4star som till blusar, skjortor och kavajer. Pamela, med h\u00f6ftm\u00e5tt 115 cm, b\u00e4r storlek L.<\/p>\n<p>Dina nya favoritjeans \u2013 f\u00f6r b\u00e5de vardag, kontor och kv\u00e4ll!<\/p>\n<p>\u2728 Produktf\u00f6rdelar:<\/p>\n<p>Stretchigt, mjukt material som formar sig fint<\/p>\n<p>Perfekta att b\u00e4ra innanf\u00f6r boots<\/p>\n<p>Snygga till b\u00e5de mohairv\u00e4star, skjortor och kavajer<\/p>\n<p>Klassisk passform med modern siluett<\/p>","protected":false},"featured_media":566649,"comment_status":"open","ping_status":"closed","template":"","meta":{"_acf_changed":false},"product_brand":[],"product_cat":[1145,1146,1159,1222,1224],"product_tag":[],"class_list":{"0":"post-566648","1":"product","2":"type-product","3":"status-publish","4":"has-post-thumbnail","6":"product_cat-denim","7":"product_cat-nederdelar","8":"product_cat-nyheter","9":"product_cat-stretch-jeans-dam","10":"product_cat-tighta-jeans-dam","12":"first","13":"instock","14":"taxable","15":"shipping-taxable","16":"purchasable","17":"product-type-variable"},"acf":[],"gallery_images":[],"_links":{"self":[{"href":"https:\/\/loveforever.se\/no\/wp-json\/wp\/v2\/product\/566648","targetHints":{"allow":["GET"]}}],"collection":[{"href":"https:\/\/loveforever.se\/no\/wp-json\/wp\/v2\/product"}],"about":[{"href":"https:\/\/loveforever.se\/no\/wp-json\/wp\/v2\/types\/product"}],"replies":[{"embeddable":true,"href":"https:\/\/loveforever.se\/no\/wp-json\/wp\/v2\/comments?post=566648"}],"wp:featuredmedia":[{"embeddable":true,"href":"https:\/\/loveforever.se\/no\/wp-json\/wp\/v2\/media\/566649"}],"wp:attachment":[{"href":"https:\/\/loveforever.se\/no\/wp-json\/wp\/v2\/media?parent=566648"}],"wp:term":[{"taxonomy":"product_brand","embeddable":true,"href":"https:\/\/loveforever.se\/no\/wp-json\/wp\/v2\/product_brand?post=566648"},{"taxonomy":"product_cat","embeddable":true,"href":"https:\/\/loveforever.se\/no\/wp-json\/wp\/v2\/product_cat?post=566648"},{"taxonomy":"product_tag","embeddable":true,"href":"https:\/\/loveforever.se\/no\/wp-json\/wp\/v2\/product_tag?post=566648"}],"curies":[{"name":"wp","href":"https:\/\/api.w.org\/{rel}","templated":true}]}}