{"id":569032,"date":"2025-11-06T19:07:49","date_gmt":"2025-11-06T18:07:49","guid":{"rendered":"https:\/\/loveforever.se\/?post_type=product&#038;p=569032"},"modified":"2026-04-26T22:16:27","modified_gmt":"2026-04-26T20:16:27","slug":"folyrose-very-dark-jeans-med-mycket-stretch","status":"publish","type":"product","link":"https:\/\/loveforever.se\/no\/produkt\/folyrose-very-dark-jeans-med-mycket-stretch\/","title":{"rendered":"Folyrose Very Dark Jeans med mycket stretch"},"content":{"rendered":"","protected":false},"excerpt":{"rendered":"<p>Superstretchiga jeans fr\u00e5n Folyrose \u2013 de perfekta jeansen som sitter som en sm\u00e4ck och formar sig vackert efter kroppen. Trendig passform med normal till h\u00f6g midja som dessutom \u00e4r stretchig f\u00f6r extra komfort. Den croppade l\u00e4ngden g\u00f6r dem super\u00adsnygga till h\u00f6stens boots och k\u00e4ngor, men lika fina till sneakers och sandaler n\u00e4r det blir varmare.<\/p>\n<p>Den m\u00f6rka, lyxiga denimtv\u00e4tten passar till allt \u2013 fr\u00e5n vardag och kontor till fest. Jeansen \u00e4r normala i storlek och tillverkade i 98% bomull och 2% elastan, vilket ger en perfekt mix av stretch och stadga.<br \/>\nModellen \u00e4r 170 cm l\u00e5ng och b\u00e4r storlek S.<\/p>\n<p>\u2728 Ett par trendiga jeans du kommer att anv\u00e4nda om och om igen \u2013 bekv\u00e4ma, smickrande och alltid lika snygga!<\/p>","protected":false},"featured_media":569040,"comment_status":"open","ping_status":"closed","template":"","meta":{"_acf_changed":false},"product_brand":[],"product_cat":[1145,1146,1241,1268,1222,1203,1218],"product_tag":[],"class_list":{"0":"post-569032","1":"product","2":"type-product","3":"status-publish","4":"has-post-thumbnail","6":"product_cat-denim","7":"product_cat-nederdelar","8":"product_cat-rea-50","9":"product_cat-readenim","10":"product_cat-stretch-jeans-dam","11":"product_cat-rea","12":"product_cat-utsvangda-jeans-dam","14":"first","15":"instock","16":"sale","17":"taxable","18":"shipping-taxable","19":"purchasable","20":"product-type-variable"},"acf":[],"gallery_images":[569039,569041,569038],"_links":{"self":[{"href":"https:\/\/loveforever.se\/no\/wp-json\/wp\/v2\/product\/569032","targetHints":{"allow":["GET"]}}],"collection":[{"href":"https:\/\/loveforever.se\/no\/wp-json\/wp\/v2\/product"}],"about":[{"href":"https:\/\/loveforever.se\/no\/wp-json\/wp\/v2\/types\/product"}],"replies":[{"embeddable":true,"href":"https:\/\/loveforever.se\/no\/wp-json\/wp\/v2\/comments?post=569032"}],"wp:featuredmedia":[{"embeddable":true,"href":"https:\/\/loveforever.se\/no\/wp-json\/wp\/v2\/media\/569040"}],"wp:attachment":[{"href":"https:\/\/loveforever.se\/no\/wp-json\/wp\/v2\/media?parent=569032"}],"wp:term":[{"taxonomy":"product_brand","embeddable":true,"href":"https:\/\/loveforever.se\/no\/wp-json\/wp\/v2\/product_brand?post=569032"},{"taxonomy":"product_cat","embeddable":true,"href":"https:\/\/loveforever.se\/no\/wp-json\/wp\/v2\/product_cat?post=569032"},{"taxonomy":"product_tag","embeddable":true,"href":"https:\/\/loveforever.se\/no\/wp-json\/wp\/v2\/product_tag?post=569032"}],"curies":[{"name":"wp","href":"https:\/\/api.w.org\/{rel}","templated":true}]}}