{"id":569079,"date":"2025-11-06T19:14:23","date_gmt":"2025-11-06T18:14:23","guid":{"rendered":"https:\/\/loveforever.se\/?post_type=product&#038;p=569079"},"modified":"2026-05-01T14:46:40","modified_gmt":"2026-05-01T12:46:40","slug":"folyrose-ljusare-bla-jeans-med-mycket-stretch","status":"publish","type":"product","link":"https:\/\/loveforever.se\/no\/produkt\/folyrose-ljusare-bla-jeans-med-mycket-stretch\/","title":{"rendered":"Folyrose Ljusare Bl\u00e5 Jeans med mycket stretch &#8211; FYNDA"},"content":{"rendered":"","protected":false},"excerpt":{"rendered":"<p>Superstretchiga jeans fr\u00e5n Folyrose i en ljus denimtv\u00e4tt \u2013 s\u00e4songens fr\u00e4schaste jeans! Den ljusa bl\u00e5 tonen ger en avslappnad, somrig k\u00e4nsla men funkar lika bra \u00e5ret runt. Jeansen har en trendig passform med normal till h\u00f6g midja, som dessutom \u00e4r stretchig f\u00f6r maximal komfort.<\/p>\n<p>Den croppade l\u00e4ngden g\u00f6r dem perfekta till sneakers, sandaler och klackar \u2013 men ocks\u00e5 supersnygga till boots under h\u00f6st och vinter.<br \/>\nTillverkade i 98% bomull och 2% elastan, vilket ger en mjuk och f\u00f6ljsam k\u00e4nsla med perfekt stretch.<br \/>\nModellen \u00e4r 170 cm l\u00e5ng och b\u00e4r storlek S.<\/p>\n<p>\u2728 Ett par ljusa jeans du alltid vill ta p\u00e5 dig \u2013 smickrande, bekv\u00e4ma och alltid i trend!<\/p>","protected":false},"featured_media":569052,"comment_status":"open","ping_status":"closed","template":"","meta":{"_acf_changed":false},"product_brand":[],"product_cat":[1181],"product_tag":[],"class_list":{"0":"post-569079","1":"product","2":"type-product","3":"status-publish","4":"has-post-thumbnail","6":"product_cat-fynda","8":"first","9":"instock","10":"sale","11":"taxable","12":"shipping-taxable","13":"purchasable","14":"product-type-variable"},"acf":[],"gallery_images":[569053,569055,569054],"_links":{"self":[{"href":"https:\/\/loveforever.se\/no\/wp-json\/wp\/v2\/product\/569079","targetHints":{"allow":["GET"]}}],"collection":[{"href":"https:\/\/loveforever.se\/no\/wp-json\/wp\/v2\/product"}],"about":[{"href":"https:\/\/loveforever.se\/no\/wp-json\/wp\/v2\/types\/product"}],"replies":[{"embeddable":true,"href":"https:\/\/loveforever.se\/no\/wp-json\/wp\/v2\/comments?post=569079"}],"wp:featuredmedia":[{"embeddable":true,"href":"https:\/\/loveforever.se\/no\/wp-json\/wp\/v2\/media\/569052"}],"wp:attachment":[{"href":"https:\/\/loveforever.se\/no\/wp-json\/wp\/v2\/media?parent=569079"}],"wp:term":[{"taxonomy":"product_brand","embeddable":true,"href":"https:\/\/loveforever.se\/no\/wp-json\/wp\/v2\/product_brand?post=569079"},{"taxonomy":"product_cat","embeddable":true,"href":"https:\/\/loveforever.se\/no\/wp-json\/wp\/v2\/product_cat?post=569079"},{"taxonomy":"product_tag","embeddable":true,"href":"https:\/\/loveforever.se\/no\/wp-json\/wp\/v2\/product_tag?post=569079"}],"curies":[{"name":"wp","href":"https:\/\/api.w.org\/{rel}","templated":true}]}}