{"id":569488,"date":"2025-11-24T23:57:42","date_gmt":"2025-11-24T22:57:42","guid":{"rendered":"https:\/\/loveforever.se\/?post_type=product&#038;p=569488"},"modified":"2026-04-19T17:17:12","modified_gmt":"2026-04-19T15:17:12","slug":"louise-fransvaska-manga-farger","status":"publish","type":"product","link":"https:\/\/loveforever.se\/no\/produkt\/louise-fransvaska-manga-farger\/","title":{"rendered":"Louisa Fransv\u00e4ska &#8211; m\u00e5nga f\u00e4rger"},"content":{"rendered":"","protected":false},"excerpt":{"rendered":"<p>Fantastiskt fin och lyxig v\u00e4ska i \u00e4kta mjuk mocka, handgjord i Italien med genuint hantverk och exklusiv boho-k\u00e4nsla. \u2728<br \/>\nV\u00e4skan \u00e4r dekorerad med nitar och fransar som ger den den d\u00e4r ikoniska luxe boho chic-stilen \u2013 perfekt till b\u00e5de vardag, jobb och fest.<\/p>\n<p>Den har avtagbar axelrem, smidig dragkedja, och en storlek som rymmer allt det viktigaste (ca 29 \u00d7 21 \u00d7 3 cm).<br \/>\nEn tidl\u00f6s favorit som blir snyggare ju mer du anv\u00e4nder den.<\/p>\n<p>Finns i flera dr\u00f6mf\u00e4rger: svart, army, taupe, bordeaux och choco.<\/p>","protected":false},"featured_media":569496,"comment_status":"open","ping_status":"closed","template":"","meta":{"_acf_changed":false},"product_brand":[],"product_cat":[1133,1149],"product_tag":[],"class_list":{"0":"post-569488","1":"product","2":"type-product","3":"status-publish","4":"has-post-thumbnail","6":"product_cat-accessoarer","7":"product_cat-vaskor","9":"first","10":"instock","11":"taxable","12":"shipping-taxable","13":"purchasable","14":"product-type-variable"},"acf":[],"gallery_images":[569485,569484,569486,569487,569494],"_links":{"self":[{"href":"https:\/\/loveforever.se\/no\/wp-json\/wp\/v2\/product\/569488","targetHints":{"allow":["GET"]}}],"collection":[{"href":"https:\/\/loveforever.se\/no\/wp-json\/wp\/v2\/product"}],"about":[{"href":"https:\/\/loveforever.se\/no\/wp-json\/wp\/v2\/types\/product"}],"replies":[{"embeddable":true,"href":"https:\/\/loveforever.se\/no\/wp-json\/wp\/v2\/comments?post=569488"}],"wp:featuredmedia":[{"embeddable":true,"href":"https:\/\/loveforever.se\/no\/wp-json\/wp\/v2\/media\/569496"}],"wp:attachment":[{"href":"https:\/\/loveforever.se\/no\/wp-json\/wp\/v2\/media?parent=569488"}],"wp:term":[{"taxonomy":"product_brand","embeddable":true,"href":"https:\/\/loveforever.se\/no\/wp-json\/wp\/v2\/product_brand?post=569488"},{"taxonomy":"product_cat","embeddable":true,"href":"https:\/\/loveforever.se\/no\/wp-json\/wp\/v2\/product_cat?post=569488"},{"taxonomy":"product_tag","embeddable":true,"href":"https:\/\/loveforever.se\/no\/wp-json\/wp\/v2\/product_tag?post=569488"}],"curies":[{"name":"wp","href":"https:\/\/api.w.org\/{rel}","templated":true}]}}