{"id":569801,"date":"2025-12-04T11:10:37","date_gmt":"2025-12-04T10:10:37","guid":{"rendered":"https:\/\/loveforever.se\/?post_type=product&#038;p=569801"},"modified":"2026-05-06T14:18:41","modified_gmt":"2026-05-06T12:18:41","slug":"candy-jeans-folyrose-ljusa-jeans-med-mycket-stretch","status":"publish","type":"product","link":"https:\/\/loveforever.se\/no\/produkt\/candy-jeans-folyrose-ljusa-jeans-med-mycket-stretch\/","title":{"rendered":"Candy Jeans Folyrose Ljusa jeans med mycket stretch"},"content":{"rendered":"","protected":false},"excerpt":{"rendered":"<p>Supertrendiga jeans fr\u00e5n Folyrose \u2013 nu i en rak, smickrande modell med magisk superstretch! Den sneda s\u00f6mmen framtill g\u00f6r att benen ser b\u00e5de slankare och l\u00e4ngre ut, samtidigt som passformen \u00e4r mjuk, f\u00f6ljsam och otroligt bekv\u00e4m.<\/p>\n<p>Jeansen h\u00e5ller formen hela dagen och passar perfekt b\u00e5de till vardags, jobb och kv\u00e4llsoutfiten. En riktig Love Forever-favorit f\u00f6r dig som vill ha jeans som b\u00e5de \u00e4r snygga, bekv\u00e4ma och formande.<\/p>\n<p>Modellen \u00e4r 173 cm och b\u00e4r storlek S.<\/p>","protected":false},"featured_media":569813,"comment_status":"open","ping_status":"closed","template":"","meta":{"_acf_changed":false},"product_brand":[],"product_cat":[1145,1146,1241,1268,1222,1203,1218],"product_tag":[],"class_list":{"0":"post-569801","1":"product","2":"type-product","3":"status-publish","4":"has-post-thumbnail","6":"product_cat-denim","7":"product_cat-nederdelar","8":"product_cat-rea-50","9":"product_cat-readenim","10":"product_cat-stretch-jeans-dam","11":"product_cat-rea","12":"product_cat-utsvangda-jeans-dam","14":"first","15":"instock","16":"sale","17":"taxable","18":"shipping-taxable","19":"purchasable","20":"product-type-variable"},"acf":[],"gallery_images":[569814,569811,569809,569812],"_links":{"self":[{"href":"https:\/\/loveforever.se\/no\/wp-json\/wp\/v2\/product\/569801","targetHints":{"allow":["GET"]}}],"collection":[{"href":"https:\/\/loveforever.se\/no\/wp-json\/wp\/v2\/product"}],"about":[{"href":"https:\/\/loveforever.se\/no\/wp-json\/wp\/v2\/types\/product"}],"replies":[{"embeddable":true,"href":"https:\/\/loveforever.se\/no\/wp-json\/wp\/v2\/comments?post=569801"}],"wp:featuredmedia":[{"embeddable":true,"href":"https:\/\/loveforever.se\/no\/wp-json\/wp\/v2\/media\/569813"}],"wp:attachment":[{"href":"https:\/\/loveforever.se\/no\/wp-json\/wp\/v2\/media?parent=569801"}],"wp:term":[{"taxonomy":"product_brand","embeddable":true,"href":"https:\/\/loveforever.se\/no\/wp-json\/wp\/v2\/product_brand?post=569801"},{"taxonomy":"product_cat","embeddable":true,"href":"https:\/\/loveforever.se\/no\/wp-json\/wp\/v2\/product_cat?post=569801"},{"taxonomy":"product_tag","embeddable":true,"href":"https:\/\/loveforever.se\/no\/wp-json\/wp\/v2\/product_tag?post=569801"}],"curies":[{"name":"wp","href":"https:\/\/api.w.org\/{rel}","templated":true}]}}