{"id":569825,"date":"2025-12-04T11:45:47","date_gmt":"2025-12-04T10:45:47","guid":{"rendered":"https:\/\/loveforever.se\/?post_type=product&#038;p=569825"},"modified":"2026-04-09T19:57:03","modified_gmt":"2026-04-09T17:57:03","slug":"peggy-bla-jeans-med-mycket-stretch-folyrose","status":"publish","type":"product","link":"https:\/\/loveforever.se\/no\/produkt\/peggy-bla-jeans-med-mycket-stretch-folyrose\/","title":{"rendered":"Peggy Bl\u00e5 Jeans med mycket stretch Folyrose &#8211; FYNDA"},"content":{"rendered":"","protected":false},"excerpt":{"rendered":"<p>Superstretchiga jeans fr\u00e5n Folyrose i en klassisk jeansbl\u00e5 tv\u00e4tt \u2013 tidl\u00f6sa, fr\u00e4scha och lika snygga \u00e5ret runt. Jeansen har raka ben och en croppad l\u00e4ngd med r\u00e5, fransad kant som ger en trendig och modern look. De snygga bakfickorna lyfter och formar p\u00e5 ett smickrande s\u00e4tt, samtidigt som stretchen ger maximal komfort hela dagen.<\/p>\n<p>Passformen har normal till h\u00f6g midja och den f\u00f6ljsamma denimkvaliteten g\u00f6r dem till ett par riktiga favoritjeans.<br \/>\nModellen \u00e4r 173 cm l\u00e5ng och b\u00e4r storlek S.<\/p>\n<p>\u2728 Jeans som passar till allt \u2013 snygga, bekv\u00e4ma och otroligt smickrande!<\/p>","protected":false},"featured_media":569834,"comment_status":"open","ping_status":"closed","template":"","meta":{"_acf_changed":false},"product_brand":[],"product_cat":[1181],"product_tag":[],"class_list":{"0":"post-569825","1":"product","2":"type-product","3":"status-publish","4":"has-post-thumbnail","6":"product_cat-fynda","8":"first","9":"instock","10":"sale","11":"taxable","12":"shipping-taxable","13":"purchasable","14":"product-type-variable"},"acf":[],"gallery_images":[569833,569832,569831,569835],"_links":{"self":[{"href":"https:\/\/loveforever.se\/no\/wp-json\/wp\/v2\/product\/569825","targetHints":{"allow":["GET"]}}],"collection":[{"href":"https:\/\/loveforever.se\/no\/wp-json\/wp\/v2\/product"}],"about":[{"href":"https:\/\/loveforever.se\/no\/wp-json\/wp\/v2\/types\/product"}],"replies":[{"embeddable":true,"href":"https:\/\/loveforever.se\/no\/wp-json\/wp\/v2\/comments?post=569825"}],"wp:featuredmedia":[{"embeddable":true,"href":"https:\/\/loveforever.se\/no\/wp-json\/wp\/v2\/media\/569834"}],"wp:attachment":[{"href":"https:\/\/loveforever.se\/no\/wp-json\/wp\/v2\/media?parent=569825"}],"wp:term":[{"taxonomy":"product_brand","embeddable":true,"href":"https:\/\/loveforever.se\/no\/wp-json\/wp\/v2\/product_brand?post=569825"},{"taxonomy":"product_cat","embeddable":true,"href":"https:\/\/loveforever.se\/no\/wp-json\/wp\/v2\/product_cat?post=569825"},{"taxonomy":"product_tag","embeddable":true,"href":"https:\/\/loveforever.se\/no\/wp-json\/wp\/v2\/product_tag?post=569825"}],"curies":[{"name":"wp","href":"https:\/\/api.w.org\/{rel}","templated":true}]}}