{"id":569946,"date":"2025-12-12T14:07:38","date_gmt":"2025-12-12T13:07:38","guid":{"rendered":"https:\/\/loveforever.se\/?post_type=product&#038;p=569946"},"modified":"2026-04-12T17:55:36","modified_gmt":"2026-04-12T15:55:36","slug":"donatella-cross-necklace-watermelon","status":"publish","type":"product","link":"https:\/\/loveforever.se\/no\/produkt\/donatella-cross-necklace-watermelon\/","title":{"rendered":"Donatella Cross Necklace Watermelon"},"content":{"rendered":"","protected":false},"excerpt":{"rendered":"<p>Riktigt statementhalsband i Swarovski-kristaller i underbara f\u00e4rger \u2013 helt i Love Forever-style och \u00e4kta boho luxe. Handgjort och designat i New York, med bas i guldpl\u00e4terad m\u00e4ssing av h\u00f6g kvalitet. B\u00e4r det till en enkel vit skjorta, en V-ringad t-shirt eller till fest och gala f\u00f6r en str\u00e5lande look. Halsbandets 38 cm kedja med 7,5 cm drop ger perfekt passform och glittrande detalj som f\u00e5r varje outfit att lysa.<\/p>","protected":false},"featured_media":569949,"comment_status":"open","ping_status":"closed","template":"","meta":{"_acf_changed":false},"product_brand":[],"product_cat":[1133,1136,1192],"product_tag":[],"class_list":{"0":"post-569946","1":"product","2":"type-product","3":"status-publish","4":"has-post-thumbnail","6":"product_cat-accessoarer","7":"product_cat-smycken","8":"product_cat-caroline-svedbom","10":"first","11":"instock","12":"taxable","13":"shipping-taxable","14":"purchasable","15":"product-type-simple"},"acf":[],"gallery_images":[],"_links":{"self":[{"href":"https:\/\/loveforever.se\/no\/wp-json\/wp\/v2\/product\/569946","targetHints":{"allow":["GET"]}}],"collection":[{"href":"https:\/\/loveforever.se\/no\/wp-json\/wp\/v2\/product"}],"about":[{"href":"https:\/\/loveforever.se\/no\/wp-json\/wp\/v2\/types\/product"}],"replies":[{"embeddable":true,"href":"https:\/\/loveforever.se\/no\/wp-json\/wp\/v2\/comments?post=569946"}],"wp:featuredmedia":[{"embeddable":true,"href":"https:\/\/loveforever.se\/no\/wp-json\/wp\/v2\/media\/569949"}],"wp:attachment":[{"href":"https:\/\/loveforever.se\/no\/wp-json\/wp\/v2\/media?parent=569946"}],"wp:term":[{"taxonomy":"product_brand","embeddable":true,"href":"https:\/\/loveforever.se\/no\/wp-json\/wp\/v2\/product_brand?post=569946"},{"taxonomy":"product_cat","embeddable":true,"href":"https:\/\/loveforever.se\/no\/wp-json\/wp\/v2\/product_cat?post=569946"},{"taxonomy":"product_tag","embeddable":true,"href":"https:\/\/loveforever.se\/no\/wp-json\/wp\/v2\/product_tag?post=569946"}],"curies":[{"name":"wp","href":"https:\/\/api.w.org\/{rel}","templated":true}]}}