{"id":569950,"date":"2025-12-12T14:55:12","date_gmt":"2025-12-12T13:55:12","guid":{"rendered":"https:\/\/loveforever.se\/?post_type=product&#038;p=569950"},"modified":"2026-04-12T17:55:25","modified_gmt":"2026-04-12T15:55:25","slug":"cross-necklace-ombre","status":"publish","type":"product","link":"https:\/\/loveforever.se\/no\/produkt\/cross-necklace-ombre\/","title":{"rendered":"Cross Necklace Ombre"},"content":{"rendered":"","protected":false},"excerpt":{"rendered":"<p>Elegant halsband i guldkedja med sm\u00e5 kors i h\u00e4rliga pastelliga f\u00e4rger. Halsbandet \u00e4r gjort i guldpl\u00e4terad m\u00e4ssing och inspirerat av boho luxe-stilen, perfekt f\u00f6r att ge din look en lekfull men elegant touch. Kedjans l\u00e4ngd \u00e4r ca 76 cm och de f\u00e4rgglada korsen i ombre-tema skapar ett vackert fl\u00f6de l\u00e4ngs halsen. B\u00e4r det till vardag, kontor eller fest f\u00f6r en stilfull detalj som lyfter varje outfit.<\/p>","protected":false},"featured_media":569951,"comment_status":"open","ping_status":"closed","template":"","meta":{"_acf_changed":false},"product_brand":[],"product_cat":[1133,1136,1192],"product_tag":[],"class_list":{"0":"post-569950","1":"product","2":"type-product","3":"status-publish","4":"has-post-thumbnail","6":"product_cat-accessoarer","7":"product_cat-smycken","8":"product_cat-caroline-svedbom","10":"first","11":"instock","12":"taxable","13":"shipping-taxable","14":"purchasable","15":"product-type-simple"},"acf":[],"gallery_images":[569952],"_links":{"self":[{"href":"https:\/\/loveforever.se\/no\/wp-json\/wp\/v2\/product\/569950","targetHints":{"allow":["GET"]}}],"collection":[{"href":"https:\/\/loveforever.se\/no\/wp-json\/wp\/v2\/product"}],"about":[{"href":"https:\/\/loveforever.se\/no\/wp-json\/wp\/v2\/types\/product"}],"replies":[{"embeddable":true,"href":"https:\/\/loveforever.se\/no\/wp-json\/wp\/v2\/comments?post=569950"}],"wp:featuredmedia":[{"embeddable":true,"href":"https:\/\/loveforever.se\/no\/wp-json\/wp\/v2\/media\/569951"}],"wp:attachment":[{"href":"https:\/\/loveforever.se\/no\/wp-json\/wp\/v2\/media?parent=569950"}],"wp:term":[{"taxonomy":"product_brand","embeddable":true,"href":"https:\/\/loveforever.se\/no\/wp-json\/wp\/v2\/product_brand?post=569950"},{"taxonomy":"product_cat","embeddable":true,"href":"https:\/\/loveforever.se\/no\/wp-json\/wp\/v2\/product_cat?post=569950"},{"taxonomy":"product_tag","embeddable":true,"href":"https:\/\/loveforever.se\/no\/wp-json\/wp\/v2\/product_tag?post=569950"}],"curies":[{"name":"wp","href":"https:\/\/api.w.org\/{rel}","templated":true}]}}