{"id":569955,"date":"2025-12-12T15:07:04","date_gmt":"2025-12-12T14:07:04","guid":{"rendered":"https:\/\/loveforever.se\/?post_type=product&#038;p=569955"},"modified":"2025-12-12T15:07:04","modified_gmt":"2025-12-12T14:07:04","slug":"elyssa-swarovski-orhangen","status":"publish","type":"product","link":"https:\/\/loveforever.se\/no\/produkt\/elyssa-swarovski-orhangen\/","title":{"rendered":"Elyssa Swarovski-\u00d6rh\u00e4ngen"},"content":{"rendered":"","protected":false},"excerpt":{"rendered":"<p>Boho luxe och \u00e4kta Love Forever-stil i ett par Elyssa-\u00f6rh\u00e4ngen! Statement\u00f6rh\u00e4ngen i pastelliga f\u00e4rger, l\u00e4ttviktiga och bekv\u00e4ma att b\u00e4ra hela dagen. Tillverkade med h\u00f6gkvalitativa kristaller och nickelfria, hypoallergena stift i kirurgiskt st\u00e5l. Med sina 6,5 cm \u00e4r de perfekta f\u00f6r att ge varje outfit en lekfull, elegant och f\u00e4rgglad touch \u2013 lika fina till vardag som till fest.<\/p>","protected":false},"featured_media":569953,"comment_status":"open","ping_status":"closed","template":"","meta":{"_acf_changed":false},"product_brand":[],"product_cat":[1133,1136,1192],"product_tag":[],"class_list":{"0":"post-569955","1":"product","2":"type-product","3":"status-publish","4":"has-post-thumbnail","6":"product_cat-accessoarer","7":"product_cat-smycken","8":"product_cat-caroline-svedbom","10":"first","11":"instock","12":"taxable","13":"shipping-taxable","14":"purchasable","15":"product-type-simple"},"acf":[],"gallery_images":[569954],"_links":{"self":[{"href":"https:\/\/loveforever.se\/no\/wp-json\/wp\/v2\/product\/569955","targetHints":{"allow":["GET"]}}],"collection":[{"href":"https:\/\/loveforever.se\/no\/wp-json\/wp\/v2\/product"}],"about":[{"href":"https:\/\/loveforever.se\/no\/wp-json\/wp\/v2\/types\/product"}],"replies":[{"embeddable":true,"href":"https:\/\/loveforever.se\/no\/wp-json\/wp\/v2\/comments?post=569955"}],"wp:featuredmedia":[{"embeddable":true,"href":"https:\/\/loveforever.se\/no\/wp-json\/wp\/v2\/media\/569953"}],"wp:attachment":[{"href":"https:\/\/loveforever.se\/no\/wp-json\/wp\/v2\/media?parent=569955"}],"wp:term":[{"taxonomy":"product_brand","embeddable":true,"href":"https:\/\/loveforever.se\/no\/wp-json\/wp\/v2\/product_brand?post=569955"},{"taxonomy":"product_cat","embeddable":true,"href":"https:\/\/loveforever.se\/no\/wp-json\/wp\/v2\/product_cat?post=569955"},{"taxonomy":"product_tag","embeddable":true,"href":"https:\/\/loveforever.se\/no\/wp-json\/wp\/v2\/product_tag?post=569955"}],"curies":[{"name":"wp","href":"https:\/\/api.w.org\/{rel}","templated":true}]}}