{"id":569958,"date":"2025-12-12T15:13:27","date_gmt":"2025-12-12T14:13:27","guid":{"rendered":"https:\/\/loveforever.se\/?post_type=product&#038;p=569958"},"modified":"2026-04-12T17:55:16","modified_gmt":"2026-04-12T15:55:16","slug":"victoria-ring-flamingo-mix","status":"publish","type":"product","link":"https:\/\/loveforever.se\/no\/produkt\/victoria-ring-flamingo-mix\/","title":{"rendered":"Victoria Ring Flamingo Mix"},"content":{"rendered":"","protected":false},"excerpt":{"rendered":"<p>Boho luxe och \u00e4kta Love Forever-stil i ett magiskt statement! Victoria-ringen \u00e4r handgjord i guldpl\u00e4terad m\u00e4ssing och prydd med en skimrande Swarovski-kristall i pastellig nyans. Justerbar p\u00e5 baksidan och l\u00e4ttburen, vilket g\u00f6r att den passar perfekt p\u00e5 alla fingrar. Ringen \u00e4r lika fantastisk till vardags som till fest och ger din stil en lekfull och elegant touch.<\/p>","protected":false},"featured_media":569957,"comment_status":"open","ping_status":"closed","template":"","meta":{"_acf_changed":false},"product_brand":[],"product_cat":[1133,1136,1192],"product_tag":[],"class_list":{"0":"post-569958","1":"product","2":"type-product","3":"status-publish","4":"has-post-thumbnail","6":"product_cat-accessoarer","7":"product_cat-smycken","8":"product_cat-caroline-svedbom","10":"first","11":"instock","12":"taxable","13":"shipping-taxable","14":"purchasable","15":"product-type-simple"},"acf":[],"gallery_images":[569956],"_links":{"self":[{"href":"https:\/\/loveforever.se\/no\/wp-json\/wp\/v2\/product\/569958","targetHints":{"allow":["GET"]}}],"collection":[{"href":"https:\/\/loveforever.se\/no\/wp-json\/wp\/v2\/product"}],"about":[{"href":"https:\/\/loveforever.se\/no\/wp-json\/wp\/v2\/types\/product"}],"replies":[{"embeddable":true,"href":"https:\/\/loveforever.se\/no\/wp-json\/wp\/v2\/comments?post=569958"}],"wp:featuredmedia":[{"embeddable":true,"href":"https:\/\/loveforever.se\/no\/wp-json\/wp\/v2\/media\/569957"}],"wp:attachment":[{"href":"https:\/\/loveforever.se\/no\/wp-json\/wp\/v2\/media?parent=569958"}],"wp:term":[{"taxonomy":"product_brand","embeddable":true,"href":"https:\/\/loveforever.se\/no\/wp-json\/wp\/v2\/product_brand?post=569958"},{"taxonomy":"product_cat","embeddable":true,"href":"https:\/\/loveforever.se\/no\/wp-json\/wp\/v2\/product_cat?post=569958"},{"taxonomy":"product_tag","embeddable":true,"href":"https:\/\/loveforever.se\/no\/wp-json\/wp\/v2\/product_tag?post=569958"}],"curies":[{"name":"wp","href":"https:\/\/api.w.org\/{rel}","templated":true}]}}