{"id":569995,"date":"2025-12-15T15:49:15","date_gmt":"2025-12-15T14:49:15","guid":{"rendered":"https:\/\/loveforever.se\/?post_type=product&#038;p=569995"},"modified":"2026-04-23T09:43:11","modified_gmt":"2026-04-23T07:43:11","slug":"star-pocket-jeans-gra","status":"publish","type":"product","link":"https:\/\/loveforever.se\/no\/produkt\/star-pocket-jeans-gra\/","title":{"rendered":"Star Pocket Jeans Gr\u00e5"},"content":{"rendered":"","protected":false},"excerpt":{"rendered":"<p>Supercoola och sk\u00f6nt stretchiga jeans i \u00e4kta Love Forever-stil, denna g\u00e5ng i ett tv\u00e4ttat gr\u00e5tt jeanstyg f\u00f6r en lite rockigare look. Den avslappnade oversize-modellen kombineras med trendiga slitningar och en lyxig detalj p\u00e5 benet med p\u00e5sydd ficka i bl\u00e5 jeansf\u00e4rg och glittrig stj\u00e4rna som skapar en snygg kontrast. Ett par jeans som sticker ut, men fortfarande \u00e4r lika bekv\u00e4ma och l\u00e4ttburna.<\/p>\n<p>Jeansen \u00e4r normala i storlek. Modellen \u00e4r 169 cm l\u00e5ng och b\u00e4r storlek S. Uppviket l\u00e4ngst ner kan enkelt vikas ner f\u00f6r ett rakare fall och en mer clean siluett.<br \/>\nLeverans sker strax innan eller strax efter ny\u00e5r.<\/p>","protected":false},"featured_media":569989,"comment_status":"open","ping_status":"closed","template":"","meta":{"_acf_changed":false},"product_brand":[],"product_cat":[1225,1145,1146,1159,1222],"product_tag":[],"class_list":{"0":"post-569995","1":"product","2":"type-product","3":"status-publish","4":"has-post-thumbnail","6":"product_cat-baggy-jeans","7":"product_cat-denim","8":"product_cat-nederdelar","9":"product_cat-nyheter","10":"product_cat-stretch-jeans-dam","12":"first","13":"instock","14":"taxable","15":"shipping-taxable","16":"purchasable","17":"product-type-variable"},"acf":[],"gallery_images":[],"_links":{"self":[{"href":"https:\/\/loveforever.se\/no\/wp-json\/wp\/v2\/product\/569995","targetHints":{"allow":["GET"]}}],"collection":[{"href":"https:\/\/loveforever.se\/no\/wp-json\/wp\/v2\/product"}],"about":[{"href":"https:\/\/loveforever.se\/no\/wp-json\/wp\/v2\/types\/product"}],"replies":[{"embeddable":true,"href":"https:\/\/loveforever.se\/no\/wp-json\/wp\/v2\/comments?post=569995"}],"wp:featuredmedia":[{"embeddable":true,"href":"https:\/\/loveforever.se\/no\/wp-json\/wp\/v2\/media\/569989"}],"wp:attachment":[{"href":"https:\/\/loveforever.se\/no\/wp-json\/wp\/v2\/media?parent=569995"}],"wp:term":[{"taxonomy":"product_brand","embeddable":true,"href":"https:\/\/loveforever.se\/no\/wp-json\/wp\/v2\/product_brand?post=569995"},{"taxonomy":"product_cat","embeddable":true,"href":"https:\/\/loveforever.se\/no\/wp-json\/wp\/v2\/product_cat?post=569995"},{"taxonomy":"product_tag","embeddable":true,"href":"https:\/\/loveforever.se\/no\/wp-json\/wp\/v2\/product_tag?post=569995"}],"curies":[{"name":"wp","href":"https:\/\/api.w.org\/{rel}","templated":true}]}}