{"id":570260,"date":"2026-01-02T19:09:03","date_gmt":"2026-01-02T18:09:03","guid":{"rendered":"https:\/\/loveforever.se\/?post_type=product&#038;p=570260"},"modified":"2026-04-12T15:19:42","modified_gmt":"2026-04-12T13:19:42","slug":"april-bomullsblus-beige","status":"publish","type":"product","link":"https:\/\/loveforever.se\/no\/produkt\/april-bomullsblus-beige\/","title":{"rendered":"April Bomullsblus Beige"},"content":{"rendered":"","protected":false},"excerpt":{"rendered":"<p>Elegant beige blus \u2013 lyxiga volanger och stretchig komfort<br \/>\nEn tidl\u00f6s beige blus som passar i alla garderober. Tillverkad i 100% bomull, med volanger i mjuk bomullsvoile runt hals och \u00e4rmslut som ger en elegant, feminin k\u00e4nsla. Kroppen, bak och fram samt \u00e4rmarna \u00e4r i stretchig bomullstrik\u00e5, vilket g\u00f6r blusen b\u00e5de bekv\u00e4m och f\u00f6ljsam.<\/p>\n<p>Volangerna faller vackert och g\u00f6r blusen perfekt till jeans, kjol eller byxor \u2013 anv\u00e4ndbar under v\u00e5r, sommar, h\u00f6st eller lager-p\u00e5-lager n\u00e4r det \u00e4r kallt.<\/p>\n<p>M\u00e5tt:<\/p>\n<p>S\u2013M: Armh\u00e5la till armh\u00e5la\/halv byst 56 cm, l\u00e4ngd 63 cm<\/p>\n<p>L\u2013XL: Armh\u00e5la till armh\u00e5la\/halv byst 60 cm, l\u00e4ngd 68 cm<\/p>","protected":false},"featured_media":570251,"comment_status":"open","ping_status":"closed","template":"","meta":{"_acf_changed":false},"product_brand":[],"product_cat":[1147],"product_tag":[],"class_list":{"0":"post-570260","1":"product","2":"type-product","3":"status-publish","4":"has-post-thumbnail","6":"product_cat-toppar-blusar","8":"first","9":"instock","10":"taxable","11":"shipping-taxable","12":"purchasable","13":"product-type-variable"},"acf":[],"gallery_images":[570252,570250],"_links":{"self":[{"href":"https:\/\/loveforever.se\/no\/wp-json\/wp\/v2\/product\/570260","targetHints":{"allow":["GET"]}}],"collection":[{"href":"https:\/\/loveforever.se\/no\/wp-json\/wp\/v2\/product"}],"about":[{"href":"https:\/\/loveforever.se\/no\/wp-json\/wp\/v2\/types\/product"}],"replies":[{"embeddable":true,"href":"https:\/\/loveforever.se\/no\/wp-json\/wp\/v2\/comments?post=570260"}],"wp:featuredmedia":[{"embeddable":true,"href":"https:\/\/loveforever.se\/no\/wp-json\/wp\/v2\/media\/570251"}],"wp:attachment":[{"href":"https:\/\/loveforever.se\/no\/wp-json\/wp\/v2\/media?parent=570260"}],"wp:term":[{"taxonomy":"product_brand","embeddable":true,"href":"https:\/\/loveforever.se\/no\/wp-json\/wp\/v2\/product_brand?post=570260"},{"taxonomy":"product_cat","embeddable":true,"href":"https:\/\/loveforever.se\/no\/wp-json\/wp\/v2\/product_cat?post=570260"},{"taxonomy":"product_tag","embeddable":true,"href":"https:\/\/loveforever.se\/no\/wp-json\/wp\/v2\/product_tag?post=570260"}],"curies":[{"name":"wp","href":"https:\/\/api.w.org\/{rel}","templated":true}]}}