{"id":570263,"date":"2026-01-02T19:12:48","date_gmt":"2026-01-02T18:12:48","guid":{"rendered":"https:\/\/loveforever.se\/?post_type=product&#038;p=570263"},"modified":"2026-04-12T15:19:53","modified_gmt":"2026-04-12T13:19:53","slug":"april-bomullsblus-bla","status":"publish","type":"product","link":"https:\/\/loveforever.se\/no\/produkt\/april-bomullsblus-bla\/","title":{"rendered":"April Bomullsblus Bl\u00e5"},"content":{"rendered":"","protected":false},"excerpt":{"rendered":"<p>Vacker bl\u00e5 blus \u2013 lyxiga volanger och stretchig komfort<br \/>\nEn elegant bl\u00e5 blus som kombinerar feminin stil med maximal komfort. Tillverkad i 100% bomull, med volanger i mjuk bomullsvoile runt hals och \u00e4rmslut som ger en lyxig och romantisk k\u00e4nsla. Kroppen, bak och fram samt \u00e4rmarna \u00e4r i stretchig bomullstrik\u00e5, vilket g\u00f6r blusen f\u00f6ljsam och bekv\u00e4m.<\/p>\n<p>Volangerna faller vackert och blusen \u00e4r perfekt att b\u00e4ra med jeans, kjol eller byxor \u2013 funkar lika bra v\u00e5r, sommar, h\u00f6st eller lager-p\u00e5-lager n\u00e4r det \u00e4r kallt.<\/p>\n<p>M\u00e5tt:<\/p>\n<p>S\u2013M: Armh\u00e5la till armh\u00e5la\/halv byst 56 cm, l\u00e4ngd 63 cm<\/p>\n<p>L\u2013XL: Armh\u00e5la till armh\u00e5la\/halv byst 60 cm, l\u00e4ngd 68 cm<\/p>","protected":false},"featured_media":570254,"comment_status":"open","ping_status":"closed","template":"","meta":{"_acf_changed":false},"product_brand":[],"product_cat":[1147],"product_tag":[],"class_list":{"0":"post-570263","1":"product","2":"type-product","3":"status-publish","4":"has-post-thumbnail","6":"product_cat-toppar-blusar","8":"first","9":"instock","10":"taxable","11":"shipping-taxable","12":"purchasable","13":"product-type-variable"},"acf":[],"gallery_images":[570256,570253,570255],"_links":{"self":[{"href":"https:\/\/loveforever.se\/no\/wp-json\/wp\/v2\/product\/570263","targetHints":{"allow":["GET"]}}],"collection":[{"href":"https:\/\/loveforever.se\/no\/wp-json\/wp\/v2\/product"}],"about":[{"href":"https:\/\/loveforever.se\/no\/wp-json\/wp\/v2\/types\/product"}],"replies":[{"embeddable":true,"href":"https:\/\/loveforever.se\/no\/wp-json\/wp\/v2\/comments?post=570263"}],"wp:featuredmedia":[{"embeddable":true,"href":"https:\/\/loveforever.se\/no\/wp-json\/wp\/v2\/media\/570254"}],"wp:attachment":[{"href":"https:\/\/loveforever.se\/no\/wp-json\/wp\/v2\/media?parent=570263"}],"wp:term":[{"taxonomy":"product_brand","embeddable":true,"href":"https:\/\/loveforever.se\/no\/wp-json\/wp\/v2\/product_brand?post=570263"},{"taxonomy":"product_cat","embeddable":true,"href":"https:\/\/loveforever.se\/no\/wp-json\/wp\/v2\/product_cat?post=570263"},{"taxonomy":"product_tag","embeddable":true,"href":"https:\/\/loveforever.se\/no\/wp-json\/wp\/v2\/product_tag?post=570263"}],"curies":[{"name":"wp","href":"https:\/\/api.w.org\/{rel}","templated":true}]}}