{"id":570290,"date":"2026-01-03T15:56:20","date_gmt":"2026-01-03T14:56:20","guid":{"rendered":"https:\/\/loveforever.se\/?post_type=product&#038;p=570290"},"modified":"2026-05-07T13:49:56","modified_gmt":"2026-05-07T11:49:56","slug":"monica-viskosklanning-ljusbla-o-ljusrosa","status":"publish","type":"product","link":"https:\/\/loveforever.se\/no\/produkt\/monica-viskosklanning-ljusbla-o-ljusrosa\/","title":{"rendered":"Monica Viskoskl\u00e4nning Ljusbl\u00e5 o Ljusrosa"},"content":{"rendered":"","protected":false},"excerpt":{"rendered":"<p>Helt underbar bohemisk kl\u00e4nning i 100% viskos med trekvartsl\u00e5nga volang\u00e4rmar och en luftig, smickrande passform. Finns i ljusrosa och ljusbl\u00e5, b\u00e5da med mjuka, eleganta f\u00e4rger som passar b\u00e5de vardag och fest. Normal i storlek och l\u00e4tt att b\u00e4ra \u00e5ret runt.<\/p>\n<p>M\u00e5tt:<\/p>\n<p>S\u2013M: armh\u00e5la-armh\u00e5la 52 cm, l\u00e4ngd ca 130 cm<\/p>\n<p>L\u2013XL: armh\u00e5la-armh\u00e5la 56 cm, l\u00e4ngd ca 135 cm<\/p>\n<p>Styla med sandaler f\u00f6r en avslappnad look eller med klackar och accessoarer f\u00f6r fest.<\/p>","protected":false},"featured_media":570289,"comment_status":"open","ping_status":"closed","template":"","meta":{"_acf_changed":false},"product_brand":[],"product_cat":[1155,1151,1138,1226,1152,1159],"product_tag":[],"class_list":{"0":"post-570290","1":"product","2":"type-product","3":"status-publish","4":"has-post-thumbnail","6":"product_cat-bohemiska","7":"product_cat-klanningar-dam","8":"product_cat-klanningar-tunikor","9":"product_cat-maxiklanningar","10":"product_cat-monstrade","11":"product_cat-nyheter","13":"first","14":"instock","15":"taxable","16":"shipping-taxable","17":"purchasable","18":"product-type-variable"},"acf":[],"gallery_images":[570293,570294,570295,570296],"_links":{"self":[{"href":"https:\/\/loveforever.se\/no\/wp-json\/wp\/v2\/product\/570290","targetHints":{"allow":["GET"]}}],"collection":[{"href":"https:\/\/loveforever.se\/no\/wp-json\/wp\/v2\/product"}],"about":[{"href":"https:\/\/loveforever.se\/no\/wp-json\/wp\/v2\/types\/product"}],"replies":[{"embeddable":true,"href":"https:\/\/loveforever.se\/no\/wp-json\/wp\/v2\/comments?post=570290"}],"wp:featuredmedia":[{"embeddable":true,"href":"https:\/\/loveforever.se\/no\/wp-json\/wp\/v2\/media\/570289"}],"wp:attachment":[{"href":"https:\/\/loveforever.se\/no\/wp-json\/wp\/v2\/media?parent=570290"}],"wp:term":[{"taxonomy":"product_brand","embeddable":true,"href":"https:\/\/loveforever.se\/no\/wp-json\/wp\/v2\/product_brand?post=570290"},{"taxonomy":"product_cat","embeddable":true,"href":"https:\/\/loveforever.se\/no\/wp-json\/wp\/v2\/product_cat?post=570290"},{"taxonomy":"product_tag","embeddable":true,"href":"https:\/\/loveforever.se\/no\/wp-json\/wp\/v2\/product_tag?post=570290"}],"curies":[{"name":"wp","href":"https:\/\/api.w.org\/{rel}","templated":true}]}}