{"id":570402,"date":"2026-01-10T21:24:32","date_gmt":"2026-01-10T20:24:32","guid":{"rendered":"https:\/\/loveforever.se\/?post_type=product&#038;p=570402"},"modified":"2026-04-12T18:04:01","modified_gmt":"2026-04-12T16:04:01","slug":"angelica-balte-med-nitar-gratt-rosa","status":"publish","type":"product","link":"https:\/\/loveforever.se\/no\/produkt\/angelica-balte-med-nitar-gratt-rosa\/","title":{"rendered":"Angelica B\u00e4lte med nitar &#8211; gr\u00e5tt &#038; rosa"},"content":{"rendered":"","protected":false},"excerpt":{"rendered":"<p>Supersnyggt och tufft b\u00e4lte med nitar som ger din outfit det d\u00e4r lilla extra. Finns i antracitgr\u00e5tt eller rosa och pryds av coola nitar som skapar en perfekt mix av rockig edge och bohemisk k\u00e4nsla.<\/p>\n<p>B\u00e4ltet \u00e4r lika snyggt till jeans och kjol som runt midjan eller h\u00f6ften p\u00e5 en kl\u00e4nning n\u00e4r du vill markera siluetten. Ett statement-accessoar som lyfter b\u00e5de vardagslooks och festoutfits \u2013 i \u00e4kta Love Forever-stil.<\/p>\n<p>B\u00e4ltet finns i flera l\u00e4ngder: 85 cm, 90 cm, 95 cm och 100 cm, s\u00e5 att du enkelt kan hitta r\u00e4tt passform f\u00f6r just din styling.<\/p>","protected":false},"featured_media":570410,"comment_status":"open","ping_status":"closed","template":"","meta":{"_acf_changed":false},"product_brand":[],"product_cat":[1133,1259],"product_tag":[],"class_list":{"0":"post-570402","1":"product","2":"type-product","3":"status-publish","4":"has-post-thumbnail","6":"product_cat-accessoarer","7":"product_cat-skarp","9":"first","10":"instock","11":"taxable","12":"shipping-taxable","13":"purchasable","14":"product-type-variable"},"acf":[],"gallery_images":[570420,570417,570419,570418],"_links":{"self":[{"href":"https:\/\/loveforever.se\/no\/wp-json\/wp\/v2\/product\/570402","targetHints":{"allow":["GET"]}}],"collection":[{"href":"https:\/\/loveforever.se\/no\/wp-json\/wp\/v2\/product"}],"about":[{"href":"https:\/\/loveforever.se\/no\/wp-json\/wp\/v2\/types\/product"}],"replies":[{"embeddable":true,"href":"https:\/\/loveforever.se\/no\/wp-json\/wp\/v2\/comments?post=570402"}],"wp:featuredmedia":[{"embeddable":true,"href":"https:\/\/loveforever.se\/no\/wp-json\/wp\/v2\/media\/570410"}],"wp:attachment":[{"href":"https:\/\/loveforever.se\/no\/wp-json\/wp\/v2\/media?parent=570402"}],"wp:term":[{"taxonomy":"product_brand","embeddable":true,"href":"https:\/\/loveforever.se\/no\/wp-json\/wp\/v2\/product_brand?post=570402"},{"taxonomy":"product_cat","embeddable":true,"href":"https:\/\/loveforever.se\/no\/wp-json\/wp\/v2\/product_cat?post=570402"},{"taxonomy":"product_tag","embeddable":true,"href":"https:\/\/loveforever.se\/no\/wp-json\/wp\/v2\/product_tag?post=570402"}],"curies":[{"name":"wp","href":"https:\/\/api.w.org\/{rel}","templated":true}]}}