{"id":570621,"date":"2026-01-17T11:07:23","date_gmt":"2026-01-17T10:07:23","guid":{"rendered":"https:\/\/loveforever.se\/?post_type=product&#038;p=570621"},"modified":"2026-03-29T17:29:41","modified_gmt":"2026-03-29T15:29:41","slug":"camo-jacka-bomull-med-elastan","status":"publish","type":"product","link":"https:\/\/loveforever.se\/no\/produkt\/camo-jacka-bomull-med-elastan\/","title":{"rendered":"Camo Jacka &#8211; bomull med elastan"},"content":{"rendered":"","protected":false},"excerpt":{"rendered":"<p>Camo Jacket \u2013 Trendig och M\u00e5ngsidig<\/p>\n<p>Camo Jacket \u00e4r en tidl\u00f6s och stilren jacka i trendigt camouflageprint med mjuk bomull och elastan som ger sk\u00f6n stretch och f\u00f6ljsam passform. Den avslappnade siluetten g\u00f6r den bekv\u00e4m att b\u00e4ra hela dagen och g\u00f6r den till ett m\u00e5ngsidigt basplagg i garderoben.<\/p>\n<p>Jackan \u00e4r perfekt att styla till jeans och leggings, men blir ocks\u00e5 snygg \u00f6ver en bohemisk kl\u00e4nning f\u00f6r en modern mix av feminint och r\u00e5tt. Med sin avskalade design passar den lika bra f\u00f6r vardag som f\u00f6r kv\u00e4llsaktiviteter.<\/p>\n<p>Material: 97% bomull, 3% elastan<br \/>\nF\u00e4rg: Camouflage<br \/>\nPassform: Relaxed fit<br \/>\nStil: Tidl\u00f6s, trendig och l\u00e4tt att kombinera<\/p>","protected":false},"featured_media":570628,"comment_status":"open","ping_status":"closed","template":"","meta":{"_acf_changed":false},"product_brand":[],"product_cat":[1160,1240,1203],"product_tag":[],"class_list":{"0":"post-570621","1":"product","2":"type-product","3":"status-publish","4":"has-post-thumbnail","6":"product_cat-jackor-vastar","7":"product_cat-rea-30","8":"product_cat-rea","10":"first","11":"instock","12":"sale","13":"taxable","14":"shipping-taxable","15":"purchasable","16":"product-type-variable"},"acf":[],"gallery_images":[570629,570630,570631],"_links":{"self":[{"href":"https:\/\/loveforever.se\/no\/wp-json\/wp\/v2\/product\/570621","targetHints":{"allow":["GET"]}}],"collection":[{"href":"https:\/\/loveforever.se\/no\/wp-json\/wp\/v2\/product"}],"about":[{"href":"https:\/\/loveforever.se\/no\/wp-json\/wp\/v2\/types\/product"}],"replies":[{"embeddable":true,"href":"https:\/\/loveforever.se\/no\/wp-json\/wp\/v2\/comments?post=570621"}],"wp:featuredmedia":[{"embeddable":true,"href":"https:\/\/loveforever.se\/no\/wp-json\/wp\/v2\/media\/570628"}],"wp:attachment":[{"href":"https:\/\/loveforever.se\/no\/wp-json\/wp\/v2\/media?parent=570621"}],"wp:term":[{"taxonomy":"product_brand","embeddable":true,"href":"https:\/\/loveforever.se\/no\/wp-json\/wp\/v2\/product_brand?post=570621"},{"taxonomy":"product_cat","embeddable":true,"href":"https:\/\/loveforever.se\/no\/wp-json\/wp\/v2\/product_cat?post=570621"},{"taxonomy":"product_tag","embeddable":true,"href":"https:\/\/loveforever.se\/no\/wp-json\/wp\/v2\/product_tag?post=570621"}],"curies":[{"name":"wp","href":"https:\/\/api.w.org\/{rel}","templated":true}]}}