{"id":570881,"date":"2026-01-26T13:45:16","date_gmt":"2026-01-26T12:45:16","guid":{"rendered":"https:\/\/loveforever.se\/?post_type=product&#038;p=570881"},"modified":"2026-03-29T17:38:31","modified_gmt":"2026-03-29T15:38:31","slug":"brooklyn-byxor-cerise","status":"publish","type":"product","link":"https:\/\/loveforever.se\/no\/produkt\/brooklyn-byxor-cerise\/","title":{"rendered":"Brooklyn Byxor Cerise"},"content":{"rendered":"","protected":false},"excerpt":{"rendered":"<p>Matchande cerise byxa med avslappnad passform och h\u00e4rlig Brooklyn Mood-k\u00e4nsla. Byxan har mjuk res\u00e5r i midjan samt knytband framtill som ger b\u00e5de komfort och en snygg, justerbar passform. Perfekt n\u00e4r du vill vara bekv\u00e4m men \u00e4nd\u00e5 se trendigt genomt\u00e4nkt ut. Passar perfekt med den Cerise Brooklyn-toppen! <\/p>\n<p>Modellen \u00e4r one size och passar S\u2013XXL. Innerbensl\u00e4ngd ca 78 cm f\u00f6r ett snyggt fall. B\u00e4r den som set tillsammans med den cerise tr\u00f6jan eller styla separat med t-shirt, skjorta eller stickat.<\/p>","protected":false},"featured_media":570879,"comment_status":"open","ping_status":"closed","template":"","meta":{"_acf_changed":false},"product_brand":[],"product_cat":[1146],"product_tag":[],"class_list":{"0":"post-570881","1":"product","2":"type-product","3":"status-publish","4":"has-post-thumbnail","6":"product_cat-nederdelar","8":"first","9":"instock","10":"taxable","11":"shipping-taxable","12":"purchasable","13":"product-type-simple"},"acf":[],"gallery_images":[570878,570880],"_links":{"self":[{"href":"https:\/\/loveforever.se\/no\/wp-json\/wp\/v2\/product\/570881","targetHints":{"allow":["GET"]}}],"collection":[{"href":"https:\/\/loveforever.se\/no\/wp-json\/wp\/v2\/product"}],"about":[{"href":"https:\/\/loveforever.se\/no\/wp-json\/wp\/v2\/types\/product"}],"replies":[{"embeddable":true,"href":"https:\/\/loveforever.se\/no\/wp-json\/wp\/v2\/comments?post=570881"}],"wp:featuredmedia":[{"embeddable":true,"href":"https:\/\/loveforever.se\/no\/wp-json\/wp\/v2\/media\/570879"}],"wp:attachment":[{"href":"https:\/\/loveforever.se\/no\/wp-json\/wp\/v2\/media?parent=570881"}],"wp:term":[{"taxonomy":"product_brand","embeddable":true,"href":"https:\/\/loveforever.se\/no\/wp-json\/wp\/v2\/product_brand?post=570881"},{"taxonomy":"product_cat","embeddable":true,"href":"https:\/\/loveforever.se\/no\/wp-json\/wp\/v2\/product_cat?post=570881"},{"taxonomy":"product_tag","embeddable":true,"href":"https:\/\/loveforever.se\/no\/wp-json\/wp\/v2\/product_tag?post=570881"}],"curies":[{"name":"wp","href":"https:\/\/api.w.org\/{rel}","templated":true}]}}