{"id":570885,"date":"2026-01-26T14:07:14","date_gmt":"2026-01-26T13:07:14","guid":{"rendered":"https:\/\/loveforever.se\/?post_type=product&#038;p=570885"},"modified":"2026-04-21T21:43:24","modified_gmt":"2026-04-21T19:43:24","slug":"spring-viskosscarf-coral-bla","status":"publish","type":"product","link":"https:\/\/loveforever.se\/no\/produkt\/spring-viskosscarf-coral-bla\/","title":{"rendered":"Spring Viskosscarf &#8211; Coral, Bl\u00e5"},"content":{"rendered":"","protected":false},"excerpt":{"rendered":"<p>H\u00e4rlig scarf i mjuk, sk\u00f6n viscose-bomullsblandning. ca 180cmx72cm. <\/p>\n<p>80% viscose, 20% bomull<\/p>","protected":false},"featured_media":570884,"comment_status":"open","ping_status":"closed","template":"","meta":{"_acf_changed":false},"product_brand":[],"product_cat":[1133,1237],"product_tag":[],"class_list":{"0":"post-570885","1":"product","2":"type-product","3":"status-publish","4":"has-post-thumbnail","6":"product_cat-accessoarer","7":"product_cat-scarfer-halsdukar","9":"first","10":"instock","11":"taxable","12":"shipping-taxable","13":"purchasable","14":"product-type-variable"},"acf":[],"gallery_images":[570882,570883],"_links":{"self":[{"href":"https:\/\/loveforever.se\/no\/wp-json\/wp\/v2\/product\/570885","targetHints":{"allow":["GET"]}}],"collection":[{"href":"https:\/\/loveforever.se\/no\/wp-json\/wp\/v2\/product"}],"about":[{"href":"https:\/\/loveforever.se\/no\/wp-json\/wp\/v2\/types\/product"}],"replies":[{"embeddable":true,"href":"https:\/\/loveforever.se\/no\/wp-json\/wp\/v2\/comments?post=570885"}],"wp:featuredmedia":[{"embeddable":true,"href":"https:\/\/loveforever.se\/no\/wp-json\/wp\/v2\/media\/570884"}],"wp:attachment":[{"href":"https:\/\/loveforever.se\/no\/wp-json\/wp\/v2\/media?parent=570885"}],"wp:term":[{"taxonomy":"product_brand","embeddable":true,"href":"https:\/\/loveforever.se\/no\/wp-json\/wp\/v2\/product_brand?post=570885"},{"taxonomy":"product_cat","embeddable":true,"href":"https:\/\/loveforever.se\/no\/wp-json\/wp\/v2\/product_cat?post=570885"},{"taxonomy":"product_tag","embeddable":true,"href":"https:\/\/loveforever.se\/no\/wp-json\/wp\/v2\/product_tag?post=570885"}],"curies":[{"name":"wp","href":"https:\/\/api.w.org\/{rel}","templated":true}]}}