{"id":571001,"date":"2026-01-29T19:51:31","date_gmt":"2026-01-29T18:51:31","guid":{"rendered":"https:\/\/loveforever.se\/?post_type=product&#038;p=571001"},"modified":"2026-05-05T20:49:08","modified_gmt":"2026-05-05T18:49:08","slug":"leo-denim-jacka","status":"publish","type":"product","link":"https:\/\/loveforever.se\/no\/produkt\/leo-denim-jacka\/","title":{"rendered":"Leo Denim Jacka"},"content":{"rendered":"","protected":false},"excerpt":{"rendered":"<p>Supercool jeansjacka i trendigt leopardm\u00f6nster med snygga detaljer i klassisk denim som fickor, krage och \u00e4rmslut. En perfekt mix av r\u00e5 edge och modern stil som lyfter vilken outfit som helst. Jackan \u00e4r tillverkad i 100% bomull, vilket g\u00f6r den mjuk, sk\u00f6n och behaglig att b\u00e4ra hela dagen.<\/p>\n<p>Den unika designen ger ett statement-uttryck utan att bli f\u00f6r mycket \u2013 lika snygg till jeans f\u00f6r en komplett denim-look, som \u00f6ver kl\u00e4nning, till kjol eller shorts. En jacka som funkar \u00e5ret runt och snabbt blir en favorit i garderoben.<\/p>\n<p>Normal i storlek. Modellen b\u00e4r storlek S\u2013M.<\/p>","protected":false},"featured_media":570999,"comment_status":"open","ping_status":"closed","template":"","meta":{"_acf_changed":false},"product_brand":[],"product_cat":[1145,1219,1160,1159],"product_tag":[],"class_list":{"0":"post-571001","1":"product","2":"type-product","3":"status-publish","4":"has-post-thumbnail","6":"product_cat-denim","7":"product_cat-jeansjacka-dam","8":"product_cat-jackor-vastar","9":"product_cat-nyheter","11":"first","12":"instock","13":"taxable","14":"shipping-taxable","15":"purchasable","16":"product-type-variable"},"acf":[],"gallery_images":[570998,571000],"_links":{"self":[{"href":"https:\/\/loveforever.se\/no\/wp-json\/wp\/v2\/product\/571001","targetHints":{"allow":["GET"]}}],"collection":[{"href":"https:\/\/loveforever.se\/no\/wp-json\/wp\/v2\/product"}],"about":[{"href":"https:\/\/loveforever.se\/no\/wp-json\/wp\/v2\/types\/product"}],"replies":[{"embeddable":true,"href":"https:\/\/loveforever.se\/no\/wp-json\/wp\/v2\/comments?post=571001"}],"wp:featuredmedia":[{"embeddable":true,"href":"https:\/\/loveforever.se\/no\/wp-json\/wp\/v2\/media\/570999"}],"wp:attachment":[{"href":"https:\/\/loveforever.se\/no\/wp-json\/wp\/v2\/media?parent=571001"}],"wp:term":[{"taxonomy":"product_brand","embeddable":true,"href":"https:\/\/loveforever.se\/no\/wp-json\/wp\/v2\/product_brand?post=571001"},{"taxonomy":"product_cat","embeddable":true,"href":"https:\/\/loveforever.se\/no\/wp-json\/wp\/v2\/product_cat?post=571001"},{"taxonomy":"product_tag","embeddable":true,"href":"https:\/\/loveforever.se\/no\/wp-json\/wp\/v2\/product_tag?post=571001"}],"curies":[{"name":"wp","href":"https:\/\/api.w.org\/{rel}","templated":true}]}}