{"id":571044,"date":"2026-01-30T10:32:21","date_gmt":"2026-01-30T09:32:21","guid":{"rendered":"https:\/\/loveforever.se\/?post_type=product&#038;p=571044"},"modified":"2026-04-12T18:09:35","modified_gmt":"2026-04-12T16:09:35","slug":"pastelliga-fjaderorhangen-rosa-o-gul","status":"publish","type":"product","link":"https:\/\/loveforever.se\/no\/produkt\/pastelliga-fjaderorhangen-rosa-o-gul\/","title":{"rendered":"Pastelliga Fj\u00e4der\u00f6rh\u00e4ngen &#8211; rosa o gul"},"content":{"rendered":"","protected":false},"excerpt":{"rendered":"<p>Dr\u00f6mmiga fj\u00e4der\u00f6rh\u00e4ngen i pastelliga nyanser med elegant guldh\u00e4nge som ger ett luftigt, bohemiskt uttryck. De \u00e4r otroligt l\u00e4tta att b\u00e4ra och r\u00f6r sig mjukt n\u00e4r du g\u00e5r \u2013 perfekta n\u00e4r du vill addera f\u00e4rg utan tyngd.<\/p>\n<p>De underbara f\u00e4rgerna ger liv \u00e5t b\u00e5de enkla och mer uppkl\u00e4dda outfits. Lika snygga till vardag som till fest, och ett sj\u00e4lvklart val f\u00f6r dig som \u00e4lskar bohemisk stil med en lyxig touch.<\/p>\n<p>Vikt: ca 5 g per \u00f6rh\u00e4nge<br \/>\nL\u00e4ngd: ca 11 cm<\/p>","protected":false},"featured_media":571041,"comment_status":"open","ping_status":"closed","template":"","meta":{"_acf_changed":false},"product_brand":[],"product_cat":[1133,1136],"product_tag":[],"class_list":{"0":"post-571044","1":"product","2":"type-product","3":"status-publish","4":"has-post-thumbnail","6":"product_cat-accessoarer","7":"product_cat-smycken","9":"first","10":"instock","11":"taxable","12":"shipping-taxable","13":"purchasable","14":"product-type-variable"},"acf":[],"gallery_images":[571042,571043],"_links":{"self":[{"href":"https:\/\/loveforever.se\/no\/wp-json\/wp\/v2\/product\/571044","targetHints":{"allow":["GET"]}}],"collection":[{"href":"https:\/\/loveforever.se\/no\/wp-json\/wp\/v2\/product"}],"about":[{"href":"https:\/\/loveforever.se\/no\/wp-json\/wp\/v2\/types\/product"}],"replies":[{"embeddable":true,"href":"https:\/\/loveforever.se\/no\/wp-json\/wp\/v2\/comments?post=571044"}],"wp:featuredmedia":[{"embeddable":true,"href":"https:\/\/loveforever.se\/no\/wp-json\/wp\/v2\/media\/571041"}],"wp:attachment":[{"href":"https:\/\/loveforever.se\/no\/wp-json\/wp\/v2\/media?parent=571044"}],"wp:term":[{"taxonomy":"product_brand","embeddable":true,"href":"https:\/\/loveforever.se\/no\/wp-json\/wp\/v2\/product_brand?post=571044"},{"taxonomy":"product_cat","embeddable":true,"href":"https:\/\/loveforever.se\/no\/wp-json\/wp\/v2\/product_cat?post=571044"},{"taxonomy":"product_tag","embeddable":true,"href":"https:\/\/loveforever.se\/no\/wp-json\/wp\/v2\/product_tag?post=571044"}],"curies":[{"name":"wp","href":"https:\/\/api.w.org\/{rel}","templated":true}]}}