{"id":571053,"date":"2026-01-30T10:49:33","date_gmt":"2026-01-30T09:49:33","guid":{"rendered":"https:\/\/loveforever.se\/?post_type=product&#038;p=571053"},"modified":"2026-04-12T18:09:27","modified_gmt":"2026-04-12T16:09:27","slug":"millan-tygblomma-orhangen-flera-farger","status":"publish","type":"product","link":"https:\/\/loveforever.se\/no\/produkt\/millan-tygblomma-orhangen-flera-farger\/","title":{"rendered":"Millan Tygblomma \u00d6rh\u00e4ngen &#8211; flera f\u00e4rger"},"content":{"rendered":"","protected":false},"excerpt":{"rendered":"<p>Supers\u00f6ta \u00f6rh\u00e4ngen med guldigt h\u00e4nge och sm\u00e5 tygblommor i pastelliga nyanser l\u00e4ngst ner \u2013 ljusrosa, cerise och himmelsbl\u00e5. L\u00e4tta och lekfulla, perfekta f\u00f6r dig som vill addera en mjuk, romantisk touch till vardags- eller festoutfiten.<\/p>\n<p>Med en l\u00e4ngd p\u00e5 8 cm och vikt p\u00e5 endast 5 g per \u00f6rh\u00e4nge \u00e4r de b\u00e5de bekv\u00e4ma och eleganta. Ett charmigt bohemiskt smycke som lyfter varje look med f\u00e4rg och r\u00f6relse.<\/p>","protected":false},"featured_media":571048,"comment_status":"open","ping_status":"closed","template":"","meta":{"_acf_changed":false},"product_brand":[],"product_cat":[1133,1136],"product_tag":[],"class_list":{"0":"post-571053","1":"product","2":"type-product","3":"status-publish","4":"has-post-thumbnail","6":"product_cat-accessoarer","7":"product_cat-smycken","9":"first","10":"instock","11":"taxable","12":"shipping-taxable","13":"purchasable","14":"product-type-variable"},"acf":[],"gallery_images":[571050,571051,571049],"_links":{"self":[{"href":"https:\/\/loveforever.se\/no\/wp-json\/wp\/v2\/product\/571053","targetHints":{"allow":["GET"]}}],"collection":[{"href":"https:\/\/loveforever.se\/no\/wp-json\/wp\/v2\/product"}],"about":[{"href":"https:\/\/loveforever.se\/no\/wp-json\/wp\/v2\/types\/product"}],"replies":[{"embeddable":true,"href":"https:\/\/loveforever.se\/no\/wp-json\/wp\/v2\/comments?post=571053"}],"wp:featuredmedia":[{"embeddable":true,"href":"https:\/\/loveforever.se\/no\/wp-json\/wp\/v2\/media\/571048"}],"wp:attachment":[{"href":"https:\/\/loveforever.se\/no\/wp-json\/wp\/v2\/media?parent=571053"}],"wp:term":[{"taxonomy":"product_brand","embeddable":true,"href":"https:\/\/loveforever.se\/no\/wp-json\/wp\/v2\/product_brand?post=571053"},{"taxonomy":"product_cat","embeddable":true,"href":"https:\/\/loveforever.se\/no\/wp-json\/wp\/v2\/product_cat?post=571053"},{"taxonomy":"product_tag","embeddable":true,"href":"https:\/\/loveforever.se\/no\/wp-json\/wp\/v2\/product_tag?post=571053"}],"curies":[{"name":"wp","href":"https:\/\/api.w.org\/{rel}","templated":true}]}}