{"id":571071,"date":"2026-01-30T11:11:40","date_gmt":"2026-01-30T10:11:40","guid":{"rendered":"https:\/\/loveforever.se\/?post_type=product&#038;p=571071"},"modified":"2026-04-12T18:06:37","modified_gmt":"2026-04-12T16:06:37","slug":"boho-blomorhangen-bla-turquoise-gul","status":"publish","type":"product","link":"https:\/\/loveforever.se\/no\/produkt\/boho-blomorhangen-bla-turquoise-gul\/","title":{"rendered":"Boho Blom\u00f6rh\u00e4ngen &#8211; bl\u00e5, turquoise, gul"},"content":{"rendered":"","protected":false},"excerpt":{"rendered":"<p>F\u00e4rgglada \u00f6rh\u00e4ngen med resinblommor \u2013 tre blommor i rad i nyanserna turkos, gul och bl\u00e5. L\u00e4ngd p\u00e5 8 cm och vikt 50 g, vilket ger ett tydligt statement och en lekfull, bohemisk k\u00e4nsla.<\/p>\n<p>Perfekta f\u00f6r att addera f\u00e4rg och personlighet till din outfit \u2013 b\u00e4r dem till enkla toppar, kl\u00e4nningar eller koordinerade f\u00e4rger i garderoben. Ett smycke som syns och lyfter hela looken.<\/p>","protected":false},"featured_media":571067,"comment_status":"open","ping_status":"closed","template":"","meta":{"_acf_changed":false},"product_brand":[],"product_cat":[1133,1136],"product_tag":[],"class_list":{"0":"post-571071","1":"product","2":"type-product","3":"status-publish","4":"has-post-thumbnail","6":"product_cat-accessoarer","7":"product_cat-smycken","9":"first","10":"instock","11":"taxable","12":"shipping-taxable","13":"purchasable","14":"product-type-variable"},"acf":[],"gallery_images":[571069,571068,571070],"_links":{"self":[{"href":"https:\/\/loveforever.se\/no\/wp-json\/wp\/v2\/product\/571071","targetHints":{"allow":["GET"]}}],"collection":[{"href":"https:\/\/loveforever.se\/no\/wp-json\/wp\/v2\/product"}],"about":[{"href":"https:\/\/loveforever.se\/no\/wp-json\/wp\/v2\/types\/product"}],"replies":[{"embeddable":true,"href":"https:\/\/loveforever.se\/no\/wp-json\/wp\/v2\/comments?post=571071"}],"wp:featuredmedia":[{"embeddable":true,"href":"https:\/\/loveforever.se\/no\/wp-json\/wp\/v2\/media\/571067"}],"wp:attachment":[{"href":"https:\/\/loveforever.se\/no\/wp-json\/wp\/v2\/media?parent=571071"}],"wp:term":[{"taxonomy":"product_brand","embeddable":true,"href":"https:\/\/loveforever.se\/no\/wp-json\/wp\/v2\/product_brand?post=571071"},{"taxonomy":"product_cat","embeddable":true,"href":"https:\/\/loveforever.se\/no\/wp-json\/wp\/v2\/product_cat?post=571071"},{"taxonomy":"product_tag","embeddable":true,"href":"https:\/\/loveforever.se\/no\/wp-json\/wp\/v2\/product_tag?post=571071"}],"curies":[{"name":"wp","href":"https:\/\/api.w.org\/{rel}","templated":true}]}}