{"id":571151,"date":"2026-02-02T00:23:18","date_gmt":"2026-02-01T23:23:18","guid":{"rendered":"https:\/\/loveforever.se\/?post_type=product&#038;p=571151"},"modified":"2026-05-07T09:05:36","modified_gmt":"2026-05-07T07:05:36","slug":"dg-platform-sandaler","status":"publish","type":"product","link":"https:\/\/loveforever.se\/no\/produkt\/dg-platform-sandaler\/","title":{"rendered":"DG Platform Sandaler"},"content":{"rendered":"","protected":false},"excerpt":{"rendered":"<p>Supercoola plat\u00e5sandaler i snygg brun fuskmocka som kombinerar stil och komfort p\u00e5 b\u00e4sta s\u00e4tt. Den l\u00e4tta klacken tillsammans med en stabil plat\u00e5 g\u00f6r sandalerna enkla och bekv\u00e4ma att g\u00e5 i hela dagen, samtidigt som de ger snygg h\u00f6jd och ett trendigt uttryck.<\/p>\n<p>Sandalerna \u00e4r l\u00e4tta p\u00e5 foten och perfekta att b\u00e4ra till b\u00e5de jeans, kl\u00e4nning, kjol eller shorts \u2013 lika fina till vardag som till fest. Normal i storlek f\u00f6r en bra passform.<\/p>","protected":false},"featured_media":571153,"comment_status":"open","ping_status":"closed","template":"","meta":{"_acf_changed":false},"product_brand":[],"product_cat":[1140,1139],"product_tag":[],"class_list":{"0":"post-571151","1":"product","2":"type-product","3":"status-publish","4":"has-post-thumbnail","6":"product_cat-sandaler","7":"product_cat-skor","9":"first","10":"instock","11":"taxable","12":"shipping-taxable","13":"purchasable","14":"product-type-variable"},"acf":[],"gallery_images":[],"_links":{"self":[{"href":"https:\/\/loveforever.se\/no\/wp-json\/wp\/v2\/product\/571151","targetHints":{"allow":["GET"]}}],"collection":[{"href":"https:\/\/loveforever.se\/no\/wp-json\/wp\/v2\/product"}],"about":[{"href":"https:\/\/loveforever.se\/no\/wp-json\/wp\/v2\/types\/product"}],"replies":[{"embeddable":true,"href":"https:\/\/loveforever.se\/no\/wp-json\/wp\/v2\/comments?post=571151"}],"wp:featuredmedia":[{"embeddable":true,"href":"https:\/\/loveforever.se\/no\/wp-json\/wp\/v2\/media\/571153"}],"wp:attachment":[{"href":"https:\/\/loveforever.se\/no\/wp-json\/wp\/v2\/media?parent=571151"}],"wp:term":[{"taxonomy":"product_brand","embeddable":true,"href":"https:\/\/loveforever.se\/no\/wp-json\/wp\/v2\/product_brand?post=571151"},{"taxonomy":"product_cat","embeddable":true,"href":"https:\/\/loveforever.se\/no\/wp-json\/wp\/v2\/product_cat?post=571151"},{"taxonomy":"product_tag","embeddable":true,"href":"https:\/\/loveforever.se\/no\/wp-json\/wp\/v2\/product_tag?post=571151"}],"curies":[{"name":"wp","href":"https:\/\/api.w.org\/{rel}","templated":true}]}}