{"id":571208,"date":"2026-02-03T15:48:37","date_gmt":"2026-02-03T14:48:37","guid":{"rendered":"https:\/\/loveforever.se\/?post_type=product&#038;p=571208"},"modified":"2026-05-06T07:59:50","modified_gmt":"2026-05-06T05:59:50","slug":"laura-viskosklanning-army-blommig","status":"publish","type":"product","link":"https:\/\/loveforever.se\/no\/produkt\/laura-viskosklanning-army-blommig\/","title":{"rendered":"Laura Viskoskl\u00e4nning Army Blommig"},"content":{"rendered":"","protected":false},"excerpt":{"rendered":"<p>Helt magiskt fin kl\u00e4nning i mjuk och f\u00f6ljsam 100% viskos med armygr\u00f6n botten och ett underbart 70-talsinspirerat blomm\u00f6nster i orange, gult, r\u00f6tt, cerise, turkos och bl\u00e5 toner. En f\u00e4rgstark modell som kombinerar bohemisk k\u00e4nsla med en trendig, jordn\u00e4ra bas.<\/p>\n<p>Kl\u00e4nningen har en smickrande V-ringning med knappar framtill som g\u00e5r ner till nedre delen av magen och skapar en feminin, avslappnad siluett. Volanger vid \u00e4rmsluten ger ett mjukt och romantiskt fall som f\u00f6rst\u00e4rker den bohemiska looken.<\/p>\n<p>Modellen \u00e4r normal i storlek och sitter bekv\u00e4mt med ett fint fall, perfekt b\u00e5de till vardag, semester och fest.<\/p>\n<p>M\u00e5tt:<br \/>\n\u2022 S-M: armh\u00e5la till armh\u00e5la 58 cm | l\u00e4ngd 133 cm<br \/>\n\u2022 M-L: armh\u00e5la till armh\u00e5la 61 cm | l\u00e4ngd 136 cm<br \/>\n\u2022 L-XL: armh\u00e5la till armh\u00e5la 64 cm | l\u00e4ngd 139 cm<\/p>\n<p>Observera att m\u00e5tten kan variera cirka 1 cm mellan plagg.<\/p>\n<p>En perfekt kl\u00e4nning att b\u00e4ra med sandaler, sneakers eller klackar beroende p\u00e5 tillf\u00e4lle.<\/p>","protected":false},"featured_media":571441,"comment_status":"open","ping_status":"closed","template":"","meta":{"_acf_changed":false},"product_brand":[],"product_cat":[1155,1151,1138,1154,1226,1152,1159],"product_tag":[],"class_list":{"0":"post-571208","1":"product","2":"type-product","3":"status-publish","4":"has-post-thumbnail","6":"product_cat-bohemiska","7":"product_cat-klanningar-dam","8":"product_cat-klanningar-tunikor","9":"product_cat-langa","10":"product_cat-maxiklanningar","11":"product_cat-monstrade","12":"product_cat-nyheter","14":"first","15":"instock","16":"taxable","17":"shipping-taxable","18":"purchasable","19":"product-type-variable"},"acf":[],"gallery_images":[570324,570323,572783],"_links":{"self":[{"href":"https:\/\/loveforever.se\/no\/wp-json\/wp\/v2\/product\/571208","targetHints":{"allow":["GET"]}}],"collection":[{"href":"https:\/\/loveforever.se\/no\/wp-json\/wp\/v2\/product"}],"about":[{"href":"https:\/\/loveforever.se\/no\/wp-json\/wp\/v2\/types\/product"}],"replies":[{"embeddable":true,"href":"https:\/\/loveforever.se\/no\/wp-json\/wp\/v2\/comments?post=571208"}],"wp:featuredmedia":[{"embeddable":true,"href":"https:\/\/loveforever.se\/no\/wp-json\/wp\/v2\/media\/571441"}],"wp:attachment":[{"href":"https:\/\/loveforever.se\/no\/wp-json\/wp\/v2\/media?parent=571208"}],"wp:term":[{"taxonomy":"product_brand","embeddable":true,"href":"https:\/\/loveforever.se\/no\/wp-json\/wp\/v2\/product_brand?post=571208"},{"taxonomy":"product_cat","embeddable":true,"href":"https:\/\/loveforever.se\/no\/wp-json\/wp\/v2\/product_cat?post=571208"},{"taxonomy":"product_tag","embeddable":true,"href":"https:\/\/loveforever.se\/no\/wp-json\/wp\/v2\/product_tag?post=571208"}],"curies":[{"name":"wp","href":"https:\/\/api.w.org\/{rel}","templated":true}]}}