{"id":571212,"date":"2026-02-03T16:13:46","date_gmt":"2026-02-03T15:13:46","guid":{"rendered":"https:\/\/loveforever.se\/?post_type=product&#038;p=571212"},"modified":"2026-04-16T23:55:43","modified_gmt":"2026-04-16T21:55:43","slug":"jempa-stretch-bomullskjole-i-neonkorall-neonrosa-svart","status":"publish","type":"product","link":"https:\/\/loveforever.se\/no\/produkt\/jempa-stretchig-bomullsklanning-i-neoncoral-neonrosa-svart\/","title":{"rendered":"Jempa Stretch Bomullskjole i neonkorall, neonrosa og svart"},"content":{"rendered":"","protected":false},"excerpt":{"rendered":"<p>Helt fantastisk kjole i mykt og strekkbart bomullsstoff som b\u00e5de sitter pent og f\u00f8les fantastisk \u00e5 ha p\u00e5 seg. Stoffet puster og gj\u00f8r kjolen like behagelig p\u00e5 varme dager som i kj\u00f8ligere \u00e5rstider.<\/p>\n<p>Kjolen finnes i fantastiske farger som korall og neonrosa, samt klassisk svart som alltid er riktig. Den har en r\u00e5 kant nederst, noe som gj\u00f8r at du enkelt kan klippe den av til \u00f8nsket lengde uten \u00e5 \u00f8delegge passformen.<\/p>\n<p>De lange ermene kan dras opp eller brettes for en mer avslappet stil. Match med joggesko, st\u00f8vler eller sandaler avhengig av stil og sesong. En perfekt kjole som fungerer \u00e5ret rundt og raskt blir en favoritt i garderoben.<\/p>\n<p>\u00c9n st\u00f8rrelse som passer XS-XL. V\u00e5r Jennie har 115 cm rundt bysten, 39 cm rundt overarmen. <\/p>","protected":false},"featured_media":571217,"comment_status":"open","ping_status":"closed","template":"","meta":{"_acf_changed":false},"product_brand":[],"product_cat":[1151,1138,1156,1159],"product_tag":[],"class_list":{"0":"post-571212","1":"product","2":"type-product","3":"status-publish","4":"has-post-thumbnail","6":"product_cat-klanningar-dam","7":"product_cat-klanningar-tunikor","8":"product_cat-korta","9":"product_cat-nyheter","11":"first","12":"instock","13":"taxable","14":"shipping-taxable","15":"purchasable","16":"product-type-variable"},"acf":[],"gallery_images":[571234,571233,571224,571231,571230,571229,571227,571222],"_links":{"self":[{"href":"https:\/\/loveforever.se\/no\/wp-json\/wp\/v2\/product\/571212","targetHints":{"allow":["GET"]}}],"collection":[{"href":"https:\/\/loveforever.se\/no\/wp-json\/wp\/v2\/product"}],"about":[{"href":"https:\/\/loveforever.se\/no\/wp-json\/wp\/v2\/types\/product"}],"replies":[{"embeddable":true,"href":"https:\/\/loveforever.se\/no\/wp-json\/wp\/v2\/comments?post=571212"}],"wp:featuredmedia":[{"embeddable":true,"href":"https:\/\/loveforever.se\/no\/wp-json\/wp\/v2\/media\/571217"}],"wp:attachment":[{"href":"https:\/\/loveforever.se\/no\/wp-json\/wp\/v2\/media?parent=571212"}],"wp:term":[{"taxonomy":"product_brand","embeddable":true,"href":"https:\/\/loveforever.se\/no\/wp-json\/wp\/v2\/product_brand?post=571212"},{"taxonomy":"product_cat","embeddable":true,"href":"https:\/\/loveforever.se\/no\/wp-json\/wp\/v2\/product_cat?post=571212"},{"taxonomy":"product_tag","embeddable":true,"href":"https:\/\/loveforever.se\/no\/wp-json\/wp\/v2\/product_tag?post=571212"}],"curies":[{"name":"wp","href":"https:\/\/api.w.org\/{rel}","templated":true}]}}