{"id":571418,"date":"2026-02-10T08:39:34","date_gmt":"2026-02-10T07:39:34","guid":{"rendered":"https:\/\/loveforever.se\/?post_type=product&#038;p=571418"},"modified":"2026-04-15T10:56:00","modified_gmt":"2026-04-15T08:56:00","slug":"claire-stretchiga-barrell-jeans-ljusa-xs-xxl","status":"publish","type":"product","link":"https:\/\/loveforever.se\/no\/produkt\/claire-stretchiga-barrell-jeans-ljusa-xs-xxl\/","title":{"rendered":"Claire Stretchiga Barrell Jeans Ljusa, XS-XXL"},"content":{"rendered":"","protected":false},"excerpt":{"rendered":"<p>Trendiga barrel jeans i ljus jeanstv\u00e4tt i ett tunt och f\u00f6ljsamt jeanstyg med mycket stretch som ger en bekv\u00e4m och smickrande passform. Den ljusa denimf\u00e4rgen ger en fr\u00e4sch look som passar lika bra till vardag, kontor och fest.<\/p>\n<p>De ankell\u00e5nga benen l\u00e5ter dina skor ta plats, styla med k\u00e4ngor, boots, sneakers eller klackar beroende p\u00e5 stil och tillf\u00e4lle. Ett par perfekta jeans f\u00f6r en avslappnad men trendig look.<\/p>\n<p>Modellen \u00e4r 170cm och har S p\u00e5 sig. <\/p>","protected":false},"featured_media":571403,"comment_status":"open","ping_status":"closed","template":"","meta":{"_acf_changed":false},"product_brand":[],"product_cat":[1225,1145,1146,1159,1222],"product_tag":[],"class_list":{"0":"post-571418","1":"product","2":"type-product","3":"status-publish","4":"has-post-thumbnail","6":"product_cat-baggy-jeans","7":"product_cat-denim","8":"product_cat-nederdelar","9":"product_cat-nyheter","10":"product_cat-stretch-jeans-dam","12":"first","13":"instock","14":"taxable","15":"shipping-taxable","16":"purchasable","17":"product-type-variable"},"acf":[],"gallery_images":[571404],"_links":{"self":[{"href":"https:\/\/loveforever.se\/no\/wp-json\/wp\/v2\/product\/571418","targetHints":{"allow":["GET"]}}],"collection":[{"href":"https:\/\/loveforever.se\/no\/wp-json\/wp\/v2\/product"}],"about":[{"href":"https:\/\/loveforever.se\/no\/wp-json\/wp\/v2\/types\/product"}],"replies":[{"embeddable":true,"href":"https:\/\/loveforever.se\/no\/wp-json\/wp\/v2\/comments?post=571418"}],"wp:featuredmedia":[{"embeddable":true,"href":"https:\/\/loveforever.se\/no\/wp-json\/wp\/v2\/media\/571403"}],"wp:attachment":[{"href":"https:\/\/loveforever.se\/no\/wp-json\/wp\/v2\/media?parent=571418"}],"wp:term":[{"taxonomy":"product_brand","embeddable":true,"href":"https:\/\/loveforever.se\/no\/wp-json\/wp\/v2\/product_brand?post=571418"},{"taxonomy":"product_cat","embeddable":true,"href":"https:\/\/loveforever.se\/no\/wp-json\/wp\/v2\/product_cat?post=571418"},{"taxonomy":"product_tag","embeddable":true,"href":"https:\/\/loveforever.se\/no\/wp-json\/wp\/v2\/product_tag?post=571418"}],"curies":[{"name":"wp","href":"https:\/\/api.w.org\/{rel}","templated":true}]}}