{"id":571442,"date":"2026-02-10T11:59:11","date_gmt":"2026-02-10T10:59:11","guid":{"rendered":"https:\/\/loveforever.se\/?post_type=product&#038;p=571442"},"modified":"2026-05-07T15:17:12","modified_gmt":"2026-05-07T13:17:12","slug":"felicia-tencelkjol-med-smock","status":"publish","type":"product","link":"https:\/\/loveforever.se\/no\/produkt\/felicia-tencelkjol-med-smock\/","title":{"rendered":"Felicia Tencelkjol med smock"},"content":{"rendered":"","protected":false},"excerpt":{"rendered":"<p>Helt magiskt fin kjol i mjukaste tenceltyget som faller vackert och ger en b\u00e5de avslappnad och smickrande siluett. De r\u00e5a kanterna nedtill ger en tuff touch, medan volangerna skapar en mjuk, bohemisk och romantisk k\u00e4nsla.<\/p>\n<p>Kjolen ser ut som en omlottmodell men har en bred smock upptill som g\u00f6r att du \u00e4ven kan b\u00e4ra den som kl\u00e4nning. Ett m\u00e5ngsidigt plagg som enkelt stylas med t-shirt, blus eller linne och matchas med boots, sneakers eller sandaler beroende p\u00e5 stil och tillf\u00e4lle.<\/p>\n<p>Modellen \u00e4r 163 cm l\u00e5ng och b\u00e4r storlek XS\u2013S.<br \/>\nDu f\u00f6rhandsbest\u00e4ller denna, v\u00e4lj Klarna faktura s\u00e5 betalar du f\u00f6rst n\u00e4r du f\u00e5tt din order. Leverans sker slutet av feb. <\/p>","protected":false},"featured_media":571440,"comment_status":"open","ping_status":"closed","template":"","meta":{"_acf_changed":false},"product_brand":[],"product_cat":[1145,1221,1146,1159,1208],"product_tag":[],"class_list":{"0":"post-571442","1":"product","2":"type-product","3":"status-publish","4":"has-post-thumbnail","6":"product_cat-denim","7":"product_cat-jeanskjolar","8":"product_cat-nederdelar","9":"product_cat-nyheter","10":"product_cat-shoppafranlive","12":"first","13":"instock","14":"taxable","15":"shipping-taxable","16":"purchasable","17":"product-type-variable"},"acf":[],"gallery_images":[571454],"_links":{"self":[{"href":"https:\/\/loveforever.se\/no\/wp-json\/wp\/v2\/product\/571442","targetHints":{"allow":["GET"]}}],"collection":[{"href":"https:\/\/loveforever.se\/no\/wp-json\/wp\/v2\/product"}],"about":[{"href":"https:\/\/loveforever.se\/no\/wp-json\/wp\/v2\/types\/product"}],"replies":[{"embeddable":true,"href":"https:\/\/loveforever.se\/no\/wp-json\/wp\/v2\/comments?post=571442"}],"wp:featuredmedia":[{"embeddable":true,"href":"https:\/\/loveforever.se\/no\/wp-json\/wp\/v2\/media\/571440"}],"wp:attachment":[{"href":"https:\/\/loveforever.se\/no\/wp-json\/wp\/v2\/media?parent=571442"}],"wp:term":[{"taxonomy":"product_brand","embeddable":true,"href":"https:\/\/loveforever.se\/no\/wp-json\/wp\/v2\/product_brand?post=571442"},{"taxonomy":"product_cat","embeddable":true,"href":"https:\/\/loveforever.se\/no\/wp-json\/wp\/v2\/product_cat?post=571442"},{"taxonomy":"product_tag","embeddable":true,"href":"https:\/\/loveforever.se\/no\/wp-json\/wp\/v2\/product_tag?post=571442"}],"curies":[{"name":"wp","href":"https:\/\/api.w.org\/{rel}","templated":true}]}}