{"id":571620,"date":"2026-02-11T23:36:20","date_gmt":"2026-02-11T22:36:20","guid":{"rendered":"https:\/\/loveforever.se\/?post_type=product&#038;p=571620"},"modified":"2026-04-12T14:17:58","modified_gmt":"2026-04-12T12:17:58","slug":"fiona-volangblus-manga-farger","status":"publish","type":"product","link":"https:\/\/loveforever.se\/no\/produkt\/fiona-volangblus-manga-farger\/","title":{"rendered":"Fiona Volangblus &#8211; m\u00e5nga f\u00e4rger"},"content":{"rendered":"","protected":false},"excerpt":{"rendered":"<p>Superfin blus i mjuk kvalitet med vackra volanger runt halsen som ger en feminin och elegant touch. Res\u00e5r med volang vid \u00e4rmslut g\u00f6r att du sj\u00e4lv kan justera \u00e4rmen precis som du vill \u2013 kort, puffig eller l\u00e5ng. Res\u00e5r i halsringningen g\u00f6r det dessutom m\u00f6jligt att b\u00e4ra blusen off-shoulder f\u00f6r en lekfull sommark\u00e4nsla.<\/p>\n<p>Blusen har normal till rymlig passform och ger gott om plats f\u00f6r en bekv\u00e4m k\u00e4nsla. Den passar perfekt tillsammans med jeans, fina byxor eller kjol \u2013 ett m\u00e5ngsidigt tillskott till garderoben.<\/p>\n<p>Modellen \u00e4r 163 cm l\u00e5ng, har bystm\u00e5tt 93 cm och b\u00e4r storlek S\u2013M.<br \/>\n\u2022 S\u2013M: armh\u00e5la till armh\u00e5la ca 59 cm, l\u00e4ngd ca 67-73cm (fram\/bak)<br \/>\n\u2022 L\u2013XL: armh\u00e5la till armh\u00e5la ca 64 cm, l\u00e4ngd ca 69-75 cm<\/p>\n<p>\u2714 Volanger vid hals och \u00e4rmslut \u2013 feminin detalj<br \/>\n\u2714 Res\u00e5r f\u00f6r justerbar passform och off-shoulder<br \/>\n\u2714 Normal till rymlig storlek \u2013 bekv\u00e4m och l\u00e4ttburen<br \/>\n\u2714 Perfekt till jeans, kjol eller finbyxor<br \/>\n\u2714 Modellen b\u00e4r S\u2013M, 163 cm l\u00e5ng, bystm\u00e5tt 93 cm<\/p>","protected":false},"featured_media":571621,"comment_status":"open","ping_status":"closed","template":"","meta":{"_acf_changed":false},"product_brand":[],"product_cat":[1147,1159],"product_tag":[],"class_list":{"0":"post-571620","1":"product","2":"type-product","3":"status-publish","4":"has-post-thumbnail","6":"product_cat-toppar-blusar","7":"product_cat-nyheter","9":"first","10":"instock","11":"taxable","12":"shipping-taxable","13":"purchasable","14":"product-type-variable"},"acf":[],"gallery_images":[571572,571574,571569,571566,571575,571571,571570,571568,571567,571565],"_links":{"self":[{"href":"https:\/\/loveforever.se\/no\/wp-json\/wp\/v2\/product\/571620","targetHints":{"allow":["GET"]}}],"collection":[{"href":"https:\/\/loveforever.se\/no\/wp-json\/wp\/v2\/product"}],"about":[{"href":"https:\/\/loveforever.se\/no\/wp-json\/wp\/v2\/types\/product"}],"replies":[{"embeddable":true,"href":"https:\/\/loveforever.se\/no\/wp-json\/wp\/v2\/comments?post=571620"}],"wp:featuredmedia":[{"embeddable":true,"href":"https:\/\/loveforever.se\/no\/wp-json\/wp\/v2\/media\/571621"}],"wp:attachment":[{"href":"https:\/\/loveforever.se\/no\/wp-json\/wp\/v2\/media?parent=571620"}],"wp:term":[{"taxonomy":"product_brand","embeddable":true,"href":"https:\/\/loveforever.se\/no\/wp-json\/wp\/v2\/product_brand?post=571620"},{"taxonomy":"product_cat","embeddable":true,"href":"https:\/\/loveforever.se\/no\/wp-json\/wp\/v2\/product_cat?post=571620"},{"taxonomy":"product_tag","embeddable":true,"href":"https:\/\/loveforever.se\/no\/wp-json\/wp\/v2\/product_tag?post=571620"}],"curies":[{"name":"wp","href":"https:\/\/api.w.org\/{rel}","templated":true}]}}