{"id":571634,"date":"2026-02-11T23:47:32","date_gmt":"2026-02-11T22:47:32","guid":{"rendered":"https:\/\/loveforever.se\/?post_type=product&#038;p=571634"},"modified":"2026-04-07T09:48:58","modified_gmt":"2026-04-07T07:48:58","slug":"lotta-bomullsklanning-svart","status":"publish","type":"product","link":"https:\/\/loveforever.se\/no\/produkt\/lotta-bomullsklanning-svart\/","title":{"rendered":"Lotta Bomullskl\u00e4nning Svart"},"content":{"rendered":"","protected":false},"excerpt":{"rendered":"<p>Magiskt fin kl\u00e4nning i 100% bomull med krinklad, helt strykfri kvalitet \u2013 perfekt f\u00f6r b\u00e5de vardag och fest! Den feminina passformen framh\u00e4vs av bred smock under bysten mot midjan, vilket ger en mjuk och smickrande siluett. Res\u00e5r vid halsringningen g\u00f6r att du enkelt kan b\u00e4ra kl\u00e4nningen off-shoulder f\u00f6r en lekfull touch.<\/p>\n<p>Kl\u00e4nningen har normal till rymlig passform och k\u00e4nns luftig och bekv\u00e4m. Den klassiska svarta f\u00e4rgen g\u00f6r den alltid anv\u00e4ndbar och l\u00e4tt att styla till b\u00e5de vardag och fest.<\/p>\n<p>Modellen \u00e4r 163 cm, har bystm\u00e5tt 93 cm och b\u00e4r storlek S\u2013M \u2013 kl\u00e4nningen \u00e4r rymlig p\u00e5 henne.<\/p>\n<p>\u2714 100% bomull, krinklad och strykfri<br \/>\n\u2714 Bred smock under byst och mot midja f\u00f6r smickrande passform<br \/>\n\u2714 Res\u00e5r vid halsringning \u2013 kan b\u00e4ras off-shoulder<br \/>\n\u2714 Normal till rymlig passform<br \/>\n\u2714 Klassisk svart \u2013 alltid anv\u00e4ndbar<\/p>","protected":false},"featured_media":571576,"comment_status":"open","ping_status":"closed","template":"","meta":{"_acf_changed":false},"product_brand":[],"product_cat":[1151,1138,1156,1159],"product_tag":[],"class_list":{"0":"post-571634","1":"product","2":"type-product","3":"status-publish","4":"has-post-thumbnail","6":"product_cat-klanningar-dam","7":"product_cat-klanningar-tunikor","8":"product_cat-korta","9":"product_cat-nyheter","11":"first","12":"instock","13":"taxable","14":"shipping-taxable","15":"purchasable","16":"product-type-variable"},"acf":[],"gallery_images":[571577],"_links":{"self":[{"href":"https:\/\/loveforever.se\/no\/wp-json\/wp\/v2\/product\/571634","targetHints":{"allow":["GET"]}}],"collection":[{"href":"https:\/\/loveforever.se\/no\/wp-json\/wp\/v2\/product"}],"about":[{"href":"https:\/\/loveforever.se\/no\/wp-json\/wp\/v2\/types\/product"}],"replies":[{"embeddable":true,"href":"https:\/\/loveforever.se\/no\/wp-json\/wp\/v2\/comments?post=571634"}],"wp:featuredmedia":[{"embeddable":true,"href":"https:\/\/loveforever.se\/no\/wp-json\/wp\/v2\/media\/571576"}],"wp:attachment":[{"href":"https:\/\/loveforever.se\/no\/wp-json\/wp\/v2\/media?parent=571634"}],"wp:term":[{"taxonomy":"product_brand","embeddable":true,"href":"https:\/\/loveforever.se\/no\/wp-json\/wp\/v2\/product_brand?post=571634"},{"taxonomy":"product_cat","embeddable":true,"href":"https:\/\/loveforever.se\/no\/wp-json\/wp\/v2\/product_cat?post=571634"},{"taxonomy":"product_tag","embeddable":true,"href":"https:\/\/loveforever.se\/no\/wp-json\/wp\/v2\/product_tag?post=571634"}],"curies":[{"name":"wp","href":"https:\/\/api.w.org\/{rel}","templated":true}]}}