{"id":571680,"date":"2026-02-12T13:46:12","date_gmt":"2026-02-12T12:46:12","guid":{"rendered":"https:\/\/loveforever.se\/?post_type=product&#038;p=571680"},"modified":"2026-05-07T16:16:43","modified_gmt":"2026-05-07T14:16:43","slug":"mimmi-knytblus-manga-farger","status":"publish","type":"product","link":"https:\/\/loveforever.se\/no\/produkt\/mimmi-knytblus-manga-farger\/","title":{"rendered":"Mimmi Knytblus &#8211; m\u00e5nga f\u00e4rger"},"content":{"rendered":"","protected":false},"excerpt":{"rendered":"<p>Superh\u00e4rlig blus med knyte nedtill som ger en fin passform och g\u00f6r att du enkelt kan anpassa hur du vill att den ska sitta. Den trekvartsl\u00e5nga \u00e4rmen avslutas med en mjuk volang som ger ett feminint och stilfullt uttryck.<\/p>\n<p>En l\u00e4ttburen modell som passar lika bra till jeans och leggings som till kjol eller shorts, och fungerar perfekt b\u00e5de till vardag och fest beroende p\u00e5 hur du stylar den.<\/p>\n<p>Modellen har bystm\u00e5tt 93 cm och b\u00e4r storlek S\u2013M.<\/p>\n<p>M\u00e5tt (kan skilja n\u00e5got mellan plagg):<br \/>\n\u2022 S\u2013M: armh\u00e5la till armh\u00e5la ca 59 cm, l\u00e4ngd ca 61 cm<br \/>\n\u2022 L\u2013XL: armh\u00e5la till armh\u00e5la ca 64 cm, l\u00e4ngd ca 65 cm<\/p>\n<p>\u2714 Knyte nedtill f\u00f6r justerbar passform<br \/>\n\u2714 Trekvartsl\u00e5ng \u00e4rm med feminin volang<br \/>\n\u2714 L\u00e4tt att styla till m\u00e5nga tillf\u00e4llen<br \/>\n\u2714 Passar b\u00e5de vardag och fest<\/p>","protected":false},"featured_media":571674,"comment_status":"open","ping_status":"closed","template":"","meta":{"_acf_changed":false},"product_brand":[],"product_cat":[1147,1159],"product_tag":[],"class_list":{"0":"post-571680","1":"product","2":"type-product","3":"status-publish","4":"has-post-thumbnail","6":"product_cat-toppar-blusar","7":"product_cat-nyheter","9":"first","10":"instock","11":"taxable","12":"shipping-taxable","13":"purchasable","14":"product-type-variable"},"acf":[],"gallery_images":[571678,571677,571676,571675,571679],"_links":{"self":[{"href":"https:\/\/loveforever.se\/no\/wp-json\/wp\/v2\/product\/571680","targetHints":{"allow":["GET"]}}],"collection":[{"href":"https:\/\/loveforever.se\/no\/wp-json\/wp\/v2\/product"}],"about":[{"href":"https:\/\/loveforever.se\/no\/wp-json\/wp\/v2\/types\/product"}],"replies":[{"embeddable":true,"href":"https:\/\/loveforever.se\/no\/wp-json\/wp\/v2\/comments?post=571680"}],"wp:featuredmedia":[{"embeddable":true,"href":"https:\/\/loveforever.se\/no\/wp-json\/wp\/v2\/media\/571674"}],"wp:attachment":[{"href":"https:\/\/loveforever.se\/no\/wp-json\/wp\/v2\/media?parent=571680"}],"wp:term":[{"taxonomy":"product_brand","embeddable":true,"href":"https:\/\/loveforever.se\/no\/wp-json\/wp\/v2\/product_brand?post=571680"},{"taxonomy":"product_cat","embeddable":true,"href":"https:\/\/loveforever.se\/no\/wp-json\/wp\/v2\/product_cat?post=571680"},{"taxonomy":"product_tag","embeddable":true,"href":"https:\/\/loveforever.se\/no\/wp-json\/wp\/v2\/product_tag?post=571680"}],"curies":[{"name":"wp","href":"https:\/\/api.w.org\/{rel}","templated":true}]}}