{"id":571832,"date":"2026-02-16T10:30:44","date_gmt":"2026-02-16T09:30:44","guid":{"rendered":"https:\/\/loveforever.se\/?post_type=product&#038;p=571832"},"modified":"2026-05-07T19:56:30","modified_gmt":"2026-05-07T17:56:30","slug":"stina-blus-flera-farger","status":"publish","type":"product","link":"https:\/\/loveforever.se\/no\/produkt\/stina-blus-flera-farger\/","title":{"rendered":"Stina Blus &#8211; flera f\u00e4rger"},"content":{"rendered":"","protected":false},"excerpt":{"rendered":"<p>Supers\u00f6t blus med bred smock vid \u00e4rmsluten och en charmig liten volang som ger en feminin touch. Den v-ringade halsen med volang runtom framh\u00e4ver dekolletaget p\u00e5 ett elegant s\u00e4tt. Blusen finns i snygga, klara f\u00e4rger och har en perfekt l\u00e4ngd \u2013 n\u00e5got l\u00e4ngre bak f\u00f6r en modern silhuett.<\/p>\n<p>Normal i storlek:<br \/>\n\u2022 S\u2013M: armh\u00e5la till armh\u00e5la 63\u202fcm, l\u00e4ngd 76\u201379\u202fcm<br \/>\n\u2022 L\u2013XL: armh\u00e5la till armh\u00e5la 66\u202fcm, l\u00e4ngd 77\u201381\u202fcm<br \/>\nT\u00e4nk p\u00e5 att m\u00e5tten kan skilja \u00b11,5\u202fcm.<\/p>\n<p>Perfekt att styla till jeans, kjol eller leggings \u2013 anv\u00e4nd blusen b\u00e5de till vardag och fest!<\/p>\n<p>\u2714 Bred smock vid \u00e4rmslut med volang<br \/>\n\u2714 V-ringad hals med volang runtom<br \/>\n\u2714 Snygga, klara f\u00e4rger<br \/>\n\u2714 Normal passform med lite l\u00e4ngre bak<br \/>\n\u2714 L\u00e4tt att styla till m\u00e5nga tillf\u00e4llen<\/p>","protected":false},"featured_media":571821,"comment_status":"open","ping_status":"closed","template":"","meta":{"_acf_changed":false},"product_brand":[],"product_cat":[1147,1159],"product_tag":[],"class_list":{"0":"post-571832","1":"product","2":"type-product","3":"status-publish","4":"has-post-thumbnail","6":"product_cat-toppar-blusar","7":"product_cat-nyheter","9":"first","10":"instock","11":"taxable","12":"shipping-taxable","13":"purchasable","14":"product-type-variable"},"acf":[],"gallery_images":[571829,571826,571824,571831,571830,571828,571827,571822,571823,571825],"_links":{"self":[{"href":"https:\/\/loveforever.se\/no\/wp-json\/wp\/v2\/product\/571832","targetHints":{"allow":["GET"]}}],"collection":[{"href":"https:\/\/loveforever.se\/no\/wp-json\/wp\/v2\/product"}],"about":[{"href":"https:\/\/loveforever.se\/no\/wp-json\/wp\/v2\/types\/product"}],"replies":[{"embeddable":true,"href":"https:\/\/loveforever.se\/no\/wp-json\/wp\/v2\/comments?post=571832"}],"wp:featuredmedia":[{"embeddable":true,"href":"https:\/\/loveforever.se\/no\/wp-json\/wp\/v2\/media\/571821"}],"wp:attachment":[{"href":"https:\/\/loveforever.se\/no\/wp-json\/wp\/v2\/media?parent=571832"}],"wp:term":[{"taxonomy":"product_brand","embeddable":true,"href":"https:\/\/loveforever.se\/no\/wp-json\/wp\/v2\/product_brand?post=571832"},{"taxonomy":"product_cat","embeddable":true,"href":"https:\/\/loveforever.se\/no\/wp-json\/wp\/v2\/product_cat?post=571832"},{"taxonomy":"product_tag","embeddable":true,"href":"https:\/\/loveforever.se\/no\/wp-json\/wp\/v2\/product_tag?post=571832"}],"curies":[{"name":"wp","href":"https:\/\/api.w.org\/{rel}","templated":true}]}}