{"id":572086,"date":"2026-02-27T09:36:12","date_gmt":"2026-02-27T08:36:12","guid":{"rendered":"https:\/\/loveforever.se\/?post_type=product&#038;p=572086"},"modified":"2026-05-01T20:36:38","modified_gmt":"2026-05-01T18:36:38","slug":"susanne-bohemisk-mint-paisley","status":"publish","type":"product","link":"https:\/\/loveforever.se\/no\/produkt\/susanne-bohemisk-mint-paisley\/","title":{"rendered":"Susanne Bohemisk Mint Paisley"},"content":{"rendered":"","protected":false},"excerpt":{"rendered":"<p>Susanne Blouse \u2013 i superfint paisley print!<br \/>\nRomantisk, mjuk och tidl\u00f6s \u2013 Susanne Blouse \u00e4r nu h\u00e4r i ett coolt, mjukt print i paisley.  Denna luftiga blus i 100% viskos har en avslappnad passform som passar de flesta kroppstyper. L\u00e5nga bomullstassels vid halsen kan b\u00e4ras knutna eller l\u00f6sa f\u00f6r en personlig look.<\/p>\n<p>Res\u00e5r och volangdetaljer vid \u00e4rmsluten ger extra stil och komfort. En perfekt blus f\u00f6r b\u00e5de vardag och fest \u2013 styla med jeans, shorts eller kjol. Lika fin med klackar som med sneakers eller sandaler.<\/p>\n<p>Material: 100% viskos \u2013 sval, f\u00f6ljsam &#038; mjuk<br \/>\nF\u00e4rg: Offwhite med puderrosa blomprint<br \/>\nDetaljer: L\u00e5nga bomullstassels att knyta vid halsen, volang &#038; res\u00e5r vid \u00e4rm<br \/>\nPassform: One size \u2013 passar ca XS till XXL<br \/>\nTv\u00e4ttr\u00e5d: Handtv\u00e4ttsprogram, max 30\u00b0<\/p>","protected":false},"featured_media":574690,"comment_status":"closed","ping_status":"closed","template":"","meta":{"_acf_changed":false},"product_brand":[],"product_cat":[1147],"product_tag":[],"class_list":{"0":"post-572086","1":"product","2":"type-product","3":"status-publish","4":"has-post-thumbnail","6":"product_cat-toppar-blusar","8":"first","9":"instock","10":"taxable","11":"shipping-taxable","12":"purchasable","13":"product-type-simple"},"acf":[],"gallery_images":[574689],"_links":{"self":[{"href":"https:\/\/loveforever.se\/no\/wp-json\/wp\/v2\/product\/572086","targetHints":{"allow":["GET"]}}],"collection":[{"href":"https:\/\/loveforever.se\/no\/wp-json\/wp\/v2\/product"}],"about":[{"href":"https:\/\/loveforever.se\/no\/wp-json\/wp\/v2\/types\/product"}],"replies":[{"embeddable":true,"href":"https:\/\/loveforever.se\/no\/wp-json\/wp\/v2\/comments?post=572086"}],"wp:featuredmedia":[{"embeddable":true,"href":"https:\/\/loveforever.se\/no\/wp-json\/wp\/v2\/media\/574690"}],"wp:attachment":[{"href":"https:\/\/loveforever.se\/no\/wp-json\/wp\/v2\/media?parent=572086"}],"wp:term":[{"taxonomy":"product_brand","embeddable":true,"href":"https:\/\/loveforever.se\/no\/wp-json\/wp\/v2\/product_brand?post=572086"},{"taxonomy":"product_cat","embeddable":true,"href":"https:\/\/loveforever.se\/no\/wp-json\/wp\/v2\/product_cat?post=572086"},{"taxonomy":"product_tag","embeddable":true,"href":"https:\/\/loveforever.se\/no\/wp-json\/wp\/v2\/product_tag?post=572086"}],"curies":[{"name":"wp","href":"https:\/\/api.w.org\/{rel}","templated":true}]}}