{"id":572331,"date":"2026-03-03T19:43:19","date_gmt":"2026-03-03T18:43:19","guid":{"rendered":"https:\/\/loveforever.se\/?post_type=product&#038;p=572331"},"modified":"2026-04-28T15:33:46","modified_gmt":"2026-04-28T13:33:46","slug":"meja-slouchy-boots-chokladbruna","status":"publish","type":"product","link":"https:\/\/loveforever.se\/no\/produkt\/meja-slouchy-boots-chokladbruna\/","title":{"rendered":"Meja Slouchy Boots Chokladbrun Fuskmocka"},"content":{"rendered":"","protected":false},"excerpt":{"rendered":"<p>S\u00e5 snygga och helt r\u00e4tt i tiden \u2013 trendiga slouchy boots i en underbar chokladbrun nyans som lyfter vilken outfit som helst. Den mjuka fuskmockan ger ett exklusivt uttryck samtidigt som materialet \u00e4r f\u00f6ljsamt och bekv\u00e4mt.<\/p>\n<p>Den moderna, lilla taxklacken p\u00e5 ca 5 cm ger precis lagom h\u00f6jd f\u00f6r en elegant siluett utan att kompromissa med komforten. Boots som du faktiskt kan g\u00e5 i hela dagen. Den avslappnade slouchy-modellen skapar en cool och effortless look som passar lika fint till jeans som till kl\u00e4nning, kjol eller shorts.<\/p>\n<p>En perfekt balans mellan trend och tidl\u00f6s stil \u2013 ett m\u00e5ste i garderoben.<\/p>\n<p>Detaljer:<br \/>\n\u2022 Slouchy modell<br \/>\n\u2022 Chokladbrun nyans<br \/>\n\u2022 Liten taxklack ca 5 cm<br \/>\n\u2022 Mjuk fuskmocka<br \/>\n\u2022 Bekv\u00e4ma att g\u00e5 i<br \/>\n\u2022 Normala i storlek<\/p>\n<p>B2B 12pack<\/p>","protected":false},"featured_media":572353,"comment_status":"open","ping_status":"closed","template":"","meta":{"_acf_changed":false},"product_brand":[],"product_cat":[1148,1139],"product_tag":[],"class_list":{"0":"post-572331","1":"product","2":"type-product","3":"status-publish","4":"has-post-thumbnail","6":"product_cat-boots","7":"product_cat-skor","9":"first","10":"instock","11":"taxable","12":"shipping-taxable","13":"purchasable","14":"product-type-variable"},"acf":[],"gallery_images":[572325,572323,572322],"_links":{"self":[{"href":"https:\/\/loveforever.se\/no\/wp-json\/wp\/v2\/product\/572331","targetHints":{"allow":["GET"]}}],"collection":[{"href":"https:\/\/loveforever.se\/no\/wp-json\/wp\/v2\/product"}],"about":[{"href":"https:\/\/loveforever.se\/no\/wp-json\/wp\/v2\/types\/product"}],"replies":[{"embeddable":true,"href":"https:\/\/loveforever.se\/no\/wp-json\/wp\/v2\/comments?post=572331"}],"wp:featuredmedia":[{"embeddable":true,"href":"https:\/\/loveforever.se\/no\/wp-json\/wp\/v2\/media\/572353"}],"wp:attachment":[{"href":"https:\/\/loveforever.se\/no\/wp-json\/wp\/v2\/media?parent=572331"}],"wp:term":[{"taxonomy":"product_brand","embeddable":true,"href":"https:\/\/loveforever.se\/no\/wp-json\/wp\/v2\/product_brand?post=572331"},{"taxonomy":"product_cat","embeddable":true,"href":"https:\/\/loveforever.se\/no\/wp-json\/wp\/v2\/product_cat?post=572331"},{"taxonomy":"product_tag","embeddable":true,"href":"https:\/\/loveforever.se\/no\/wp-json\/wp\/v2\/product_tag?post=572331"}],"curies":[{"name":"wp","href":"https:\/\/api.w.org\/{rel}","templated":true}]}}