{"id":572338,"date":"2026-03-03T19:44:10","date_gmt":"2026-03-03T18:44:10","guid":{"rendered":"https:\/\/loveforever.se\/?post_type=product&#038;p=572338"},"modified":"2026-04-20T14:14:46","modified_gmt":"2026-04-20T12:14:46","slug":"meja-slouchy-boots-beige-fuskmocka","status":"publish","type":"product","link":"https:\/\/loveforever.se\/no\/produkt\/meja-slouchy-boots-beige-fuskmocka\/","title":{"rendered":"Meja Slouchy Boots Beige Fuskmocka"},"content":{"rendered":"","protected":false},"excerpt":{"rendered":"<p>S\u00e5 snygga och trendiga slouchy boots i en mjuk, elegant beige nyans som ger en ljus och exklusiv k\u00e4nsla till din outfit. Den f\u00f6ljsamma fuskmockan skapar ett lyxigt uttryck samtidigt som bootsen \u00e4r mjuka och bekv\u00e4ma att b\u00e4ra hela dagen.<\/p>\n<p>Den moderna lilla taxklacken p\u00e5 ca 5 cm ger en feminin siluett med precis lagom h\u00f6jd. Den avslappnade slouchy-designen g\u00f6r dem lika snygga till jeans som till kl\u00e4nning, kjol eller shorts. Perfekta n\u00e4r du vill skapa en stilren men trendig look med en ljusare ton.<\/p>\n<p>Ett par boots som enkelt lyfter hela garderoben.<\/p>\n<p>Detaljer:<br \/>\n\u2022 Slouchy modell<br \/>\n\u2022 Elegant beige nyans<br \/>\n\u2022 Liten modern taxklack ca 5 cm<br \/>\n\u2022 Mjuk fuskmocka<br \/>\n\u2022 Sk\u00f6na att g\u00e5 i<br \/>\n\u2022 Normala i storlek<\/p>","protected":false},"featured_media":572352,"comment_status":"open","ping_status":"closed","template":"","meta":{"_acf_changed":false},"product_brand":[],"product_cat":[1148,1139],"product_tag":[],"class_list":{"0":"post-572338","1":"product","2":"type-product","3":"status-publish","4":"has-post-thumbnail","6":"product_cat-boots","7":"product_cat-skor","9":"first","10":"instock","11":"taxable","12":"shipping-taxable","13":"purchasable","14":"product-type-variable"},"acf":[],"gallery_images":[572329,572327,572326],"_links":{"self":[{"href":"https:\/\/loveforever.se\/no\/wp-json\/wp\/v2\/product\/572338","targetHints":{"allow":["GET"]}}],"collection":[{"href":"https:\/\/loveforever.se\/no\/wp-json\/wp\/v2\/product"}],"about":[{"href":"https:\/\/loveforever.se\/no\/wp-json\/wp\/v2\/types\/product"}],"replies":[{"embeddable":true,"href":"https:\/\/loveforever.se\/no\/wp-json\/wp\/v2\/comments?post=572338"}],"wp:featuredmedia":[{"embeddable":true,"href":"https:\/\/loveforever.se\/no\/wp-json\/wp\/v2\/media\/572352"}],"wp:attachment":[{"href":"https:\/\/loveforever.se\/no\/wp-json\/wp\/v2\/media?parent=572338"}],"wp:term":[{"taxonomy":"product_brand","embeddable":true,"href":"https:\/\/loveforever.se\/no\/wp-json\/wp\/v2\/product_brand?post=572338"},{"taxonomy":"product_cat","embeddable":true,"href":"https:\/\/loveforever.se\/no\/wp-json\/wp\/v2\/product_cat?post=572338"},{"taxonomy":"product_tag","embeddable":true,"href":"https:\/\/loveforever.se\/no\/wp-json\/wp\/v2\/product_tag?post=572338"}],"curies":[{"name":"wp","href":"https:\/\/api.w.org\/{rel}","templated":true}]}}