{"id":572362,"date":"2026-03-04T16:02:50","date_gmt":"2026-03-04T15:02:50","guid":{"rendered":"https:\/\/loveforever.se\/?post_type=product&#038;p=572362"},"modified":"2026-04-21T22:07:00","modified_gmt":"2026-04-21T20:07:00","slug":"lia-kort-kimono-paisley-pastel","status":"publish","type":"product","link":"https:\/\/loveforever.se\/no\/produkt\/lia-kort-kimono-paisley-pastel\/","title":{"rendered":"Lia Kort Kimono Paisley Pastel"},"content":{"rendered":"","protected":false},"excerpt":{"rendered":"<p>En fantastiskt fin kortare kimono\/jacka i underbara f\u00e4rger som direkt lyfter din outfit. Den avslappnade modellen kombinerar bohemisk k\u00e4nsla med en modern siluett och g\u00f6r plagget lika snyggt till vardag som till mer uppkl\u00e4dda tillf\u00e4llen.<\/p>\n<p>Jackan har en praktisk dragsko i midjan s\u00e5 du sj\u00e4lv kan v\u00e4lja passform. Dra \u00e5t f\u00f6r att markera midjan och skapa en mer feminin siluett, eller l\u00e5t den h\u00e4nga l\u00f6st f\u00f6r en avslappnad och trendig look. Den lilla slitsen i sidan ger ett fint fall och extra r\u00f6relse.<\/p>\n<p>Perfekt att b\u00e4ra \u00f6ver jeans, jeansshorts, vita jeans eller byxor \u2013 men ocks\u00e5 v\u00e4ldigt snygg tillsammans med svart f\u00f6r en mer kontrastfull och elegant stil.<\/p>\n<p>Detaljer:<br \/>\n\u2022 Kortare kimono\/jacka<br \/>\n\u2022 Vackra f\u00e4rger<br \/>\n\u2022 Dragsko i midjan \u2013 justerbar passform<br \/>\n\u2022 Liten slits i sidan<br \/>\n\u2022 Ledig och stilren modell<br \/>\n\u2022 Normal i storlek<\/p>\n<p>M\u00e5tt (t\u00e4nk p\u00e5 att det altid kan skilja upp till 1,5cm)<br \/>\nS-M armh\u00e5la-armh\u00e5la 55cm, l\u00e4ngd 75cm<br \/>\nL-XL armh\u00e5la-armh\u00e5a 60cm, l\u00e4ngd 80cm<\/p>","protected":false},"featured_media":572380,"comment_status":"open","ping_status":"closed","template":"","meta":{"_acf_changed":false},"product_brand":[],"product_cat":[1160,1159],"product_tag":[],"class_list":{"0":"post-572362","1":"product","2":"type-product","3":"status-publish","4":"has-post-thumbnail","6":"product_cat-jackor-vastar","7":"product_cat-nyheter","9":"first","10":"instock","11":"taxable","12":"shipping-taxable","13":"purchasable","14":"product-type-variable"},"acf":[],"gallery_images":[572377,572376,572378,572379,572375],"_links":{"self":[{"href":"https:\/\/loveforever.se\/no\/wp-json\/wp\/v2\/product\/572362","targetHints":{"allow":["GET"]}}],"collection":[{"href":"https:\/\/loveforever.se\/no\/wp-json\/wp\/v2\/product"}],"about":[{"href":"https:\/\/loveforever.se\/no\/wp-json\/wp\/v2\/types\/product"}],"replies":[{"embeddable":true,"href":"https:\/\/loveforever.se\/no\/wp-json\/wp\/v2\/comments?post=572362"}],"wp:featuredmedia":[{"embeddable":true,"href":"https:\/\/loveforever.se\/no\/wp-json\/wp\/v2\/media\/572380"}],"wp:attachment":[{"href":"https:\/\/loveforever.se\/no\/wp-json\/wp\/v2\/media?parent=572362"}],"wp:term":[{"taxonomy":"product_brand","embeddable":true,"href":"https:\/\/loveforever.se\/no\/wp-json\/wp\/v2\/product_brand?post=572362"},{"taxonomy":"product_cat","embeddable":true,"href":"https:\/\/loveforever.se\/no\/wp-json\/wp\/v2\/product_cat?post=572362"},{"taxonomy":"product_tag","embeddable":true,"href":"https:\/\/loveforever.se\/no\/wp-json\/wp\/v2\/product_tag?post=572362"}],"curies":[{"name":"wp","href":"https:\/\/api.w.org\/{rel}","templated":true}]}}