{"id":572514,"date":"2026-03-06T12:36:19","date_gmt":"2026-03-06T11:36:19","guid":{"rendered":"https:\/\/loveforever.se\/?post_type=product&#038;p=572514"},"modified":"2026-04-28T10:06:48","modified_gmt":"2026-04-28T08:06:48","slug":"superstretch-lang-dongerikjole-med-nagler","status":"publish","type":"product","link":"https:\/\/loveforever.se\/no\/produkt\/superstretchig-lang-jeanskjol-med-nitar\/","title":{"rendered":"Superelastisk lang dongeriskj\u00f8rt med nagler"},"content":{"rendered":"","protected":false},"excerpt":{"rendered":"<p>Superstrekkende, vid og lang dongeriskj\u00f8rt i m\u00f8rk dongeri med en lett slitt dongerivask som gir en kul og moderne look. Skj\u00f8rtet har en flatterende passform og et fint fall takket v\u00e6re det strekkbare materialet som gj\u00f8r det b\u00e5de behagelig og lett \u00e5 b\u00e6re hele dagen.<\/p>\n<p>De dekorative naglene langs sidene gir skj\u00f8rtet en trendy kant og gj\u00f8r det til et skikkelig statementplagg i garderoben. Den lange modellen skaper en stilren silhuett som er like fin til hverdags som til mer pyntede anledninger.<\/p>\n<p>Style med t-skjorte, bluse eller strikkegenser og kombiner med sneakers, boots eller sandaler for ulike uttrykk avhengig av sesong.<\/p>\n<p>Detaljer:<br \/>\n\u2022 Lang og vid modell<br \/>\n\u2022 Superstrekkbar dongeristoff<br \/>\n\u2022 Kule nagledetaljer langs sidene<br \/>\n\u2022 M\u00f8rk, lett slitt dongerivask<br \/>\n\u2022 Behagelig og flatterende passform<br \/>\n\u2022 Normal i st\u00f8rrelsen \u2013 modellen bruker XS<\/p>","protected":false},"featured_media":572520,"comment_status":"open","ping_status":"closed","template":"","meta":{"_acf_changed":false},"product_brand":[],"product_cat":[1145,1221,1146,1159],"product_tag":[],"class_list":{"0":"post-572514","1":"product","2":"type-product","3":"status-publish","4":"has-post-thumbnail","6":"product_cat-denim","7":"product_cat-jeanskjolar","8":"product_cat-nederdelar","9":"product_cat-nyheter","11":"first","12":"instock","13":"taxable","14":"shipping-taxable","15":"purchasable","16":"product-type-variable"},"acf":[],"gallery_images":[572522,572523,572521],"_links":{"self":[{"href":"https:\/\/loveforever.se\/no\/wp-json\/wp\/v2\/product\/572514","targetHints":{"allow":["GET"]}}],"collection":[{"href":"https:\/\/loveforever.se\/no\/wp-json\/wp\/v2\/product"}],"about":[{"href":"https:\/\/loveforever.se\/no\/wp-json\/wp\/v2\/types\/product"}],"replies":[{"embeddable":true,"href":"https:\/\/loveforever.se\/no\/wp-json\/wp\/v2\/comments?post=572514"}],"wp:featuredmedia":[{"embeddable":true,"href":"https:\/\/loveforever.se\/no\/wp-json\/wp\/v2\/media\/572520"}],"wp:attachment":[{"href":"https:\/\/loveforever.se\/no\/wp-json\/wp\/v2\/media?parent=572514"}],"wp:term":[{"taxonomy":"product_brand","embeddable":true,"href":"https:\/\/loveforever.se\/no\/wp-json\/wp\/v2\/product_brand?post=572514"},{"taxonomy":"product_cat","embeddable":true,"href":"https:\/\/loveforever.se\/no\/wp-json\/wp\/v2\/product_cat?post=572514"},{"taxonomy":"product_tag","embeddable":true,"href":"https:\/\/loveforever.se\/no\/wp-json\/wp\/v2\/product_tag?post=572514"}],"curies":[{"name":"wp","href":"https:\/\/api.w.org\/{rel}","templated":true}]}}