{"id":572595,"date":"2026-03-08T14:22:36","date_gmt":"2026-03-08T13:22:36","guid":{"rendered":"https:\/\/loveforever.se\/?post_type=product&#038;p=572595"},"modified":"2026-04-30T11:40:59","modified_gmt":"2026-04-30T09:40:59","slug":"missy-viskosklanning-satin-ljusbla-puderrosa-taupe","status":"publish","type":"product","link":"https:\/\/loveforever.se\/no\/produkt\/missy-viskosklanning-satin-ljusbla-puderrosa-taupe\/","title":{"rendered":"Missy Viskoskl\u00e4nning Satin &#8211; ljusbl\u00e5, puderrosa, taupe"},"content":{"rendered":"","protected":false},"excerpt":{"rendered":"<p>Fantastiskt fin kl\u00e4nning i ljusbl\u00e5, puderrosa eller taupe viskos med elegant, satinliknande glans \u2013 en mjuk, feminin nyans som ger ett fr\u00e4scht och exklusivt uttryck. Kl\u00e4nningen har en smickrande v-ringning och en vacker sk\u00e4rning som faller f\u00f6ljsamt och framh\u00e4ver siluetten p\u00e5 ett elegant s\u00e4tt.<\/p>\n<p>Den lediga och luftiga passformen g\u00f6r kl\u00e4nningen lika sk\u00f6n som stilfull, perfekt f\u00f6r b\u00e5de vardag och fest. Styla den med klackar och smycken f\u00f6r en uppkl\u00e4dd look eller b\u00e4r den mer avslappnat med sneakers, sandaler eller boots. En tidl\u00f6s favorit som enkelt anpassas efter tillf\u00e4lle.<\/p>\n<p>One size \u2013 passar XS\u2013XL.<\/p>","protected":false},"featured_media":572594,"comment_status":"open","ping_status":"closed","template":"","meta":{"_acf_changed":false},"product_brand":[],"product_cat":[1151,1138,1154,1226,1159],"product_tag":[],"class_list":{"0":"post-572595","1":"product","2":"type-product","3":"status-publish","4":"has-post-thumbnail","6":"product_cat-klanningar-dam","7":"product_cat-klanningar-tunikor","8":"product_cat-langa","9":"product_cat-maxiklanningar","10":"product_cat-nyheter","12":"first","13":"instock","14":"taxable","15":"shipping-taxable","16":"purchasable","17":"product-type-variable"},"acf":[],"gallery_images":[572588,572591,572586,572593,572587,572585,572592,572590,572589],"_links":{"self":[{"href":"https:\/\/loveforever.se\/no\/wp-json\/wp\/v2\/product\/572595","targetHints":{"allow":["GET"]}}],"collection":[{"href":"https:\/\/loveforever.se\/no\/wp-json\/wp\/v2\/product"}],"about":[{"href":"https:\/\/loveforever.se\/no\/wp-json\/wp\/v2\/types\/product"}],"replies":[{"embeddable":true,"href":"https:\/\/loveforever.se\/no\/wp-json\/wp\/v2\/comments?post=572595"}],"wp:featuredmedia":[{"embeddable":true,"href":"https:\/\/loveforever.se\/no\/wp-json\/wp\/v2\/media\/572594"}],"wp:attachment":[{"href":"https:\/\/loveforever.se\/no\/wp-json\/wp\/v2\/media?parent=572595"}],"wp:term":[{"taxonomy":"product_brand","embeddable":true,"href":"https:\/\/loveforever.se\/no\/wp-json\/wp\/v2\/product_brand?post=572595"},{"taxonomy":"product_cat","embeddable":true,"href":"https:\/\/loveforever.se\/no\/wp-json\/wp\/v2\/product_cat?post=572595"},{"taxonomy":"product_tag","embeddable":true,"href":"https:\/\/loveforever.se\/no\/wp-json\/wp\/v2\/product_tag?post=572595"}],"curies":[{"name":"wp","href":"https:\/\/api.w.org\/{rel}","templated":true}]}}