{"id":572673,"date":"2026-03-09T23:54:57","date_gmt":"2026-03-09T22:54:57","guid":{"rendered":"https:\/\/loveforever.se\/?post_type=product&#038;p=572673"},"modified":"2026-04-12T11:59:52","modified_gmt":"2026-04-12T09:59:52","slug":"strekkje-jeanskjole-med-belte","status":"publish","type":"product","link":"https:\/\/loveforever.se\/no\/produkt\/stretchig-jeansklanning-ned-balte\/","title":{"rendered":"Strekkbar jeanskjole med belte"},"content":{"rendered":"","protected":false},"excerpt":{"rendered":"<p>Supersnygg jeanskjole i myk og stretchig denim som gir en behagelig og smigrende passform. Den feminine modellen f\u00f8lger kroppen fint samtidig som stoffet gj\u00f8r kjolen lett \u00e5 bevege seg i og skj\u00f8nn \u00e5 b\u00e6re hele dagen.<\/p>\n<p>Kjolen har lange ermer og knapping foran med knapper, noe som gir en klassisk og stilren jeanslook. Det medf\u00f8lgende beltet i samme dongeristoff markerer midjen og skaper en feminin silhuett, men kan ogs\u00e5 tas bort hvis du \u00f8nsker \u00e5 b\u00e6re kjolen mer avslappet.<\/p>\n<p>De praktiske detaljene med lommer og beltehemper gir en tidl\u00f8s denimgf\u00f8lelse. Perfekt \u00e5 style med boots for en kul look, sneakers til hverdags eller sandaler n\u00e5r det er varmere ute.<\/p>\n<p>Detaljer:<br \/>\n\u2022 Myk denim med mye stretch<br \/>\n\u2022 Lange ermer<br \/>\n\u2022 Knapping foran med knapper<br \/>\n\u2022 Tilh\u00f8rende belte i dongeristoff<br \/>\n\u2022 Feminint snitt<br \/>\n\u2022 Lommer og hemper<br \/>\nNormal i st\u00f8rrelse<\/p>","protected":false},"featured_media":572508,"comment_status":"open","ping_status":"closed","template":"","meta":{"_acf_changed":false},"product_brand":[],"product_cat":[1145,1261,1138,1159],"product_tag":[],"class_list":{"0":"post-572673","1":"product","2":"type-product","3":"status-publish","4":"has-post-thumbnail","6":"product_cat-denim","7":"product_cat-jeansklanningar","8":"product_cat-klanningar-tunikor","9":"product_cat-nyheter","11":"first","12":"instock","13":"taxable","14":"shipping-taxable","15":"purchasable","16":"product-type-variable"},"acf":[],"gallery_images":[572679,572509],"_links":{"self":[{"href":"https:\/\/loveforever.se\/no\/wp-json\/wp\/v2\/product\/572673","targetHints":{"allow":["GET"]}}],"collection":[{"href":"https:\/\/loveforever.se\/no\/wp-json\/wp\/v2\/product"}],"about":[{"href":"https:\/\/loveforever.se\/no\/wp-json\/wp\/v2\/types\/product"}],"replies":[{"embeddable":true,"href":"https:\/\/loveforever.se\/no\/wp-json\/wp\/v2\/comments?post=572673"}],"wp:featuredmedia":[{"embeddable":true,"href":"https:\/\/loveforever.se\/no\/wp-json\/wp\/v2\/media\/572508"}],"wp:attachment":[{"href":"https:\/\/loveforever.se\/no\/wp-json\/wp\/v2\/media?parent=572673"}],"wp:term":[{"taxonomy":"product_brand","embeddable":true,"href":"https:\/\/loveforever.se\/no\/wp-json\/wp\/v2\/product_brand?post=572673"},{"taxonomy":"product_cat","embeddable":true,"href":"https:\/\/loveforever.se\/no\/wp-json\/wp\/v2\/product_cat?post=572673"},{"taxonomy":"product_tag","embeddable":true,"href":"https:\/\/loveforever.se\/no\/wp-json\/wp\/v2\/product_tag?post=572673"}],"curies":[{"name":"wp","href":"https:\/\/api.w.org\/{rel}","templated":true}]}}