{"id":572761,"date":"2026-03-11T23:31:05","date_gmt":"2026-03-11T22:31:05","guid":{"rendered":"https:\/\/loveforever.se\/?post_type=product&#038;p=572761"},"modified":"2026-04-27T15:29:02","modified_gmt":"2026-04-27T13:29:02","slug":"mickey-kort-jeansjacka","status":"publish","type":"product","link":"https:\/\/loveforever.se\/no\/produkt\/mickey-kort-jeansjacka\/","title":{"rendered":"Mickey Kort Jeansjacka"},"content":{"rendered":"","protected":false},"excerpt":{"rendered":"<p>Supercool kort jeansjacka, som \u00e4r rymglig i storlek men ta den storlek du brukar. S\u00e5 fin \u00e4ven \u00f6ver kl\u00e4nningar. <\/p>","protected":false},"featured_media":572786,"comment_status":"open","ping_status":"closed","template":"","meta":{"_acf_changed":false},"product_brand":[],"product_cat":[1145,1219,1160,1159,1208],"product_tag":[],"class_list":{"0":"post-572761","1":"product","2":"type-product","3":"status-publish","4":"has-post-thumbnail","6":"product_cat-denim","7":"product_cat-jeansjacka-dam","8":"product_cat-jackor-vastar","9":"product_cat-nyheter","10":"product_cat-shoppafranlive","12":"first","13":"instock","14":"taxable","15":"shipping-taxable","16":"purchasable","17":"product-type-variable"},"acf":[],"gallery_images":[572785],"_links":{"self":[{"href":"https:\/\/loveforever.se\/no\/wp-json\/wp\/v2\/product\/572761","targetHints":{"allow":["GET"]}}],"collection":[{"href":"https:\/\/loveforever.se\/no\/wp-json\/wp\/v2\/product"}],"about":[{"href":"https:\/\/loveforever.se\/no\/wp-json\/wp\/v2\/types\/product"}],"replies":[{"embeddable":true,"href":"https:\/\/loveforever.se\/no\/wp-json\/wp\/v2\/comments?post=572761"}],"wp:featuredmedia":[{"embeddable":true,"href":"https:\/\/loveforever.se\/no\/wp-json\/wp\/v2\/media\/572786"}],"wp:attachment":[{"href":"https:\/\/loveforever.se\/no\/wp-json\/wp\/v2\/media?parent=572761"}],"wp:term":[{"taxonomy":"product_brand","embeddable":true,"href":"https:\/\/loveforever.se\/no\/wp-json\/wp\/v2\/product_brand?post=572761"},{"taxonomy":"product_cat","embeddable":true,"href":"https:\/\/loveforever.se\/no\/wp-json\/wp\/v2\/product_cat?post=572761"},{"taxonomy":"product_tag","embeddable":true,"href":"https:\/\/loveforever.se\/no\/wp-json\/wp\/v2\/product_tag?post=572761"}],"curies":[{"name":"wp","href":"https:\/\/api.w.org\/{rel}","templated":true}]}}