{"id":572882,"date":"2026-03-12T22:34:19","date_gmt":"2026-03-12T21:34:19","guid":{"rendered":"https:\/\/loveforever.se\/?post_type=product&#038;p=572882"},"modified":"2026-04-28T22:33:46","modified_gmt":"2026-04-28T20:33:46","slug":"self-love-jeans","status":"publish","type":"product","link":"https:\/\/loveforever.se\/no\/produkt\/self-love-jeans\/","title":{"rendered":"Self Love Jeans"},"content":{"rendered":"","protected":false},"excerpt":{"rendered":"<p>Coola jeans med h\u00e4rligt h\u00e4ng som snabbt blir en favorit i garderoben. Den avslappnade streetstyle-looken g\u00f6r dem lika snygga till vardag som till en mer uppkl\u00e4dd outfit. B\u00e4r dem med sandaler p\u00e5 sommaren, sneakers f\u00f6r en casual look eller boots n\u00e4r du vill ha lite mer edge.<\/p>\n<p>Matcha med t-shirt, linne, collegetr\u00f6ja eller en feminin blus f\u00f6r att skapa din egen stil. Jeansen \u00e4r gjorda i ett mjukt, lite tunnare jeanstyg med sk\u00f6n stretch som g\u00f6r dem extra bekv\u00e4ma att b\u00e4ra hela dagen.<\/p>\n<p>Normala i storlek.<br \/>\nB2Bpack 1xs 3s 3m 2l 1xl<\/p>","protected":false},"featured_media":572878,"comment_status":"open","ping_status":"closed","template":"","meta":{"_acf_changed":false},"product_brand":[],"product_cat":[1225,1145,1220,1146,1159,1222],"product_tag":[],"class_list":{"0":"post-572882","1":"product","2":"type-product","3":"status-publish","4":"has-post-thumbnail","6":"product_cat-baggy-jeans","7":"product_cat-denim","8":"product_cat-jeansshorts-dam","9":"product_cat-nederdelar","10":"product_cat-nyheter","11":"product_cat-stretch-jeans-dam","13":"first","14":"instock","15":"taxable","16":"shipping-taxable","17":"purchasable","18":"product-type-variable"},"acf":[],"gallery_images":[572880,572879],"_links":{"self":[{"href":"https:\/\/loveforever.se\/no\/wp-json\/wp\/v2\/product\/572882","targetHints":{"allow":["GET"]}}],"collection":[{"href":"https:\/\/loveforever.se\/no\/wp-json\/wp\/v2\/product"}],"about":[{"href":"https:\/\/loveforever.se\/no\/wp-json\/wp\/v2\/types\/product"}],"replies":[{"embeddable":true,"href":"https:\/\/loveforever.se\/no\/wp-json\/wp\/v2\/comments?post=572882"}],"wp:featuredmedia":[{"embeddable":true,"href":"https:\/\/loveforever.se\/no\/wp-json\/wp\/v2\/media\/572878"}],"wp:attachment":[{"href":"https:\/\/loveforever.se\/no\/wp-json\/wp\/v2\/media?parent=572882"}],"wp:term":[{"taxonomy":"product_brand","embeddable":true,"href":"https:\/\/loveforever.se\/no\/wp-json\/wp\/v2\/product_brand?post=572882"},{"taxonomy":"product_cat","embeddable":true,"href":"https:\/\/loveforever.se\/no\/wp-json\/wp\/v2\/product_cat?post=572882"},{"taxonomy":"product_tag","embeddable":true,"href":"https:\/\/loveforever.se\/no\/wp-json\/wp\/v2\/product_tag?post=572882"}],"curies":[{"name":"wp","href":"https:\/\/api.w.org\/{rel}","templated":true}]}}