{"id":573025,"date":"2026-03-15T11:13:26","date_gmt":"2026-03-15T10:13:26","guid":{"rendered":"https:\/\/loveforever.se\/?post_type=product&#038;p=573025"},"modified":"2026-05-04T18:02:43","modified_gmt":"2026-05-04T16:02:43","slug":"marie-bomullsblus-manga-farger","status":"publish","type":"product","link":"https:\/\/loveforever.se\/no\/produkt\/marie-bomullsblus-manga-farger\/","title":{"rendered":"Marie Bomullsblus &#8211; m\u00e5nga f\u00e4rger"},"content":{"rendered":"","protected":false},"excerpt":{"rendered":"<p>Superfin blus i 100 % bomullsvoile som k\u00e4nns l\u00e4tt, sval och h\u00e4rligt luftig mot huden. Den vida passformen ger ett avslappnat och smickrande fall, perfekt b\u00e5de till vardag och fest. Runt axlarna finns vackert broderat bomullstyg som ger blusen en romantisk och exklusiv k\u00e4nsla.<\/p>\n<p>De ballongiga \u00e4rmarna avslutas med kn\u00e4ppning vid \u00e4rmslutet, vilket skapar en elegant silhuett och g\u00f6r blusen extra feminin. Finns i m\u00e5nga h\u00e4rliga f\u00e4rger som \u00e4r enkla att matcha med jeans, kjol eller shorts.<\/p>\n<p>One size som passar ca S\u2013XXL.<\/p>","protected":false},"featured_media":573020,"comment_status":"open","ping_status":"closed","template":"","meta":{"_acf_changed":false},"product_brand":[],"product_cat":[1147,1159],"product_tag":[],"class_list":{"0":"post-573025","1":"product","2":"type-product","3":"status-publish","4":"has-post-thumbnail","6":"product_cat-toppar-blusar","7":"product_cat-nyheter","9":"first","10":"instock","11":"taxable","12":"shipping-taxable","13":"purchasable","14":"product-type-variable"},"acf":[],"gallery_images":[],"_links":{"self":[{"href":"https:\/\/loveforever.se\/no\/wp-json\/wp\/v2\/product\/573025","targetHints":{"allow":["GET"]}}],"collection":[{"href":"https:\/\/loveforever.se\/no\/wp-json\/wp\/v2\/product"}],"about":[{"href":"https:\/\/loveforever.se\/no\/wp-json\/wp\/v2\/types\/product"}],"replies":[{"embeddable":true,"href":"https:\/\/loveforever.se\/no\/wp-json\/wp\/v2\/comments?post=573025"}],"wp:featuredmedia":[{"embeddable":true,"href":"https:\/\/loveforever.se\/no\/wp-json\/wp\/v2\/media\/573020"}],"wp:attachment":[{"href":"https:\/\/loveforever.se\/no\/wp-json\/wp\/v2\/media?parent=573025"}],"wp:term":[{"taxonomy":"product_brand","embeddable":true,"href":"https:\/\/loveforever.se\/no\/wp-json\/wp\/v2\/product_brand?post=573025"},{"taxonomy":"product_cat","embeddable":true,"href":"https:\/\/loveforever.se\/no\/wp-json\/wp\/v2\/product_cat?post=573025"},{"taxonomy":"product_tag","embeddable":true,"href":"https:\/\/loveforever.se\/no\/wp-json\/wp\/v2\/product_tag?post=573025"}],"curies":[{"name":"wp","href":"https:\/\/api.w.org\/{rel}","templated":true}]}}