{"id":573101,"date":"2026-03-16T23:20:10","date_gmt":"2026-03-16T22:20:10","guid":{"rendered":"https:\/\/loveforever.se\/?post_type=product&#038;p=573101"},"modified":"2026-03-28T12:12:10","modified_gmt":"2026-03-28T11:12:10","slug":"natalia-ring-bla","status":"publish","type":"product","link":"https:\/\/loveforever.se\/no\/produkt\/natalia-ring-blue\/","title":{"rendered":"Natalia Ring Bl\u00e5"},"content":{"rendered":"","protected":false},"excerpt":{"rendered":"<p>Boho luxe og ekte Love Forever-stil i et magisk statement! Luksuri\u00f8se bl\u00e5 swarovskistener gj\u00f8r ringen til et skikkelig statement-smykke. Ringen er laget av gullbelagt messing og prydet med en skimrende Swarovski-krystall i en pastellfarge. Justerbar p\u00e5 baksiden og lett \u00e5 b\u00e6re, noe som gj\u00f8r at den passer perfekt p\u00e5 alle fingre. Ringen er like fantastisk til hverdags som til fest og gir stilen din et lekent og elegant preg. 3 cm h\u00f8y, 2 cm bred. <\/p>","protected":false},"featured_media":573094,"comment_status":"open","ping_status":"closed","template":"","meta":{"_acf_changed":false},"product_brand":[],"product_cat":[1133,1159,1136,1192],"product_tag":[],"class_list":{"0":"post-573101","1":"product","2":"type-product","3":"status-publish","4":"has-post-thumbnail","6":"product_cat-accessoarer","7":"product_cat-nyheter","8":"product_cat-smycken","9":"product_cat-caroline-svedbom","11":"first","12":"instock","13":"taxable","14":"shipping-taxable","15":"purchasable","16":"product-type-simple"},"acf":[],"gallery_images":[573081,573080,573095,573093],"_links":{"self":[{"href":"https:\/\/loveforever.se\/no\/wp-json\/wp\/v2\/product\/573101","targetHints":{"allow":["GET"]}}],"collection":[{"href":"https:\/\/loveforever.se\/no\/wp-json\/wp\/v2\/product"}],"about":[{"href":"https:\/\/loveforever.se\/no\/wp-json\/wp\/v2\/types\/product"}],"replies":[{"embeddable":true,"href":"https:\/\/loveforever.se\/no\/wp-json\/wp\/v2\/comments?post=573101"}],"wp:featuredmedia":[{"embeddable":true,"href":"https:\/\/loveforever.se\/no\/wp-json\/wp\/v2\/media\/573094"}],"wp:attachment":[{"href":"https:\/\/loveforever.se\/no\/wp-json\/wp\/v2\/media?parent=573101"}],"wp:term":[{"taxonomy":"product_brand","embeddable":true,"href":"https:\/\/loveforever.se\/no\/wp-json\/wp\/v2\/product_brand?post=573101"},{"taxonomy":"product_cat","embeddable":true,"href":"https:\/\/loveforever.se\/no\/wp-json\/wp\/v2\/product_cat?post=573101"},{"taxonomy":"product_tag","embeddable":true,"href":"https:\/\/loveforever.se\/no\/wp-json\/wp\/v2\/product_tag?post=573101"}],"curies":[{"name":"wp","href":"https:\/\/api.w.org\/{rel}","templated":true}]}}